{"id":1880,"date":"2022-11-01T14:36:28","date_gmt":"2022-11-01T11:36:28","guid":{"rendered":"https:\/\/aslanlarpazarlama.com\/visa-procedures\/"},"modified":"2022-12-23T14:55:33","modified_gmt":"2022-12-23T11:55:33","slug":"visa-procedures","status":"publish","type":"page","link":"https:\/\/aslanlarpazarlama.com\/en\/visa-procedures\/","title":{"rendered":"Visa Procedures"},"content":{"rendered":"\t\t<div data-elementor-type=\"wp-page\" data-elementor-id=\"1880\" class=\"elementor elementor-1880 elementor-1568\" data-elementor-post-type=\"page\">\n\t\t\t\t\t\t<section class=\"elementor-section elementor-top-section elementor-element elementor-element-d184503 elementor-section-stretched elementor-section-boxed elementor-section-height-default elementor-section-height-default\" data-id=\"d184503\" data-element_type=\"section\" data-settings=\"{&quot;stretch_section&quot;:&quot;section-stretched&quot;}\">\n\t\t\t\t\t\t<div class=\"elementor-container elementor-column-gap-no\">\n\t\t\t\t\t<div class=\"elementor-column elementor-col-66 elementor-top-column elementor-element elementor-element-ee7c6a6\" data-id=\"ee7c6a6\" data-element_type=\"column\">\n\t\t\t<div class=\"elementor-widget-wrap elementor-element-populated\">\n\t\t\t\t\t\t<section class=\"elementor-section elementor-inner-section elementor-element elementor-element-2077fa3 elementor-section-boxed elementor-section-height-default elementor-section-height-default\" data-id=\"2077fa3\" data-element_type=\"section\">\n\t\t\t\t\t\t<div class=\"elementor-container elementor-column-gap-no\">\n\t\t\t\t\t<div class=\"elementor-column elementor-col-100 elementor-inner-column elementor-element elementor-element-4ac3230\" data-id=\"4ac3230\" data-element_type=\"column\">\n\t\t\t<div class=\"elementor-widget-wrap elementor-element-populated\">\n\t\t\t\t\t\t<div class=\"elementor-element elementor-element-4fbdaca elementor-widget elementor-widget-heading\" data-id=\"4fbdaca\" data-element_type=\"widget\" data-widget_type=\"heading.default\">\n\t\t\t\t<div class=\"elementor-widget-container\">\n\t\t\t\t\t<h3 class=\"elementor-heading-title elementor-size-default\">Visa Procedures<\/h3>\t\t\t\t<\/div>\n\t\t\t\t<\/div>\n\t\t\t\t<div class=\"elementor-element elementor-element-f0a103d elementor-widget elementor-widget-text-editor\" data-id=\"f0a103d\" data-element_type=\"widget\" data-widget_type=\"text-editor.default\">\n\t\t\t\t<div class=\"elementor-widget-container\">\n\t\t\t\t\t\t\t\t\t<p>Aslanlar Pazarlama, \u00fclkemizi ziyaret etmek isteyen yabanc\u0131 misafirlerin, turistik, i\u015f ya da resmi ziyaretlerinde ihtiya\u00e7 duyduklar\u0131 vize tipleri i\u00e7in ba\u015fvuru ve s\u00fcre\u00e7 dan\u0131\u015fmanl\u0131\u011f\u0131 yapmaktad\u0131r. T\u00fcrkiye vizesi almak isteyen misafirlerin, T\u00fcrk konsolosluklar\u0131na sunmak zorunda olduklar\u0131 belgeler ile vize s\u00fcrecine olumlu katk\u0131 sa\u011flayacak ek bilgilerin takibi Aslanlar Pazarlama vize dan\u0131\u015fman ekibi taraf\u0131ndan takip edilmektedir. Vize i\u015flemlerine ba\u015flamadan \u00f6nce bilinmesi gereken t\u00fcm \u00f6n bilgiler, tecr\u00fcbeli dan\u0131\u015fmanlar\u0131m\u0131z taraf\u0131ndan iletilerek, s\u00fcrece sa\u011fl\u0131kl\u0131 bir ba\u015flang\u0131\u00e7 yap\u0131lmas\u0131 sa\u011flan\u0131rken, t\u00fcm vize i\u015flemleri s\u00fcresince ihtiya\u00e7 duyulan konularda teknik destek verilmektedir.<\/p>\n<p>Konsolosluklar ile yap\u0131lacak g\u00f6r\u00fc\u015fme randevular\u0131n\u0131n olu\u015fturulmas\u0131ndan, ba\u015fvuru evraklar\u0131n\u0131n haz\u0131rlanmas\u0131na, u\u00e7ak bileti ve otel rezervasyonu i\u015flemlerinden, vize har\u00e7 ve di\u011fer \u00fccretlerin takibine kadar t\u00fcm s\u00fcre\u00e7, Aslanlar Pazarlama taraf\u0131ndan titizlikle takip edilir.<\/p>\n\t\t\t\t\t\t\t\t<\/div>\n\t\t\t\t<\/div>\n\t\t\t\t<div class=\"elementor-element elementor-element-03a3c37 elementor-widget elementor-widget-heading\" data-id=\"03a3c37\" data-element_type=\"widget\" data-widget_type=\"heading.default\">\n\t\t\t\t<div class=\"elementor-widget-container\">\n\t\t\t\t\t<h4 class=\"elementor-heading-title elementor-size-default\">T\u00fcrkiye Vizesi \u0130\u00e7in Nas\u0131l Ba\u015fvuru Yap\u0131l\u0131r?<\/h4>\t\t\t\t<\/div>\n\t\t\t\t<\/div>\n\t\t\t\t<div class=\"elementor-element elementor-element-3038078 elementor-widget elementor-widget-text-editor\" data-id=\"3038078\" data-element_type=\"widget\" data-widget_type=\"text-editor.default\">\n\t\t\t\t<div class=\"elementor-widget-container\">\n\t\t\t\t\t\t\t\t\t<p>T\u00fcrkiye ziyaretinizin amac\u0131, alman\u0131z gereken vize t\u00fcr\u00fc \u00fczerinde son derece etkilidir. Ziyaretiniz turistik ama\u00e7l\u0131 oldu\u011funda, turist vizesine ba\u015fvurman\u0131z gerekirken, i\u015f seyahati nedeni ile T\u00fcrk vizesi ihtiyac\u0131n\u0131z bulundu\u011funda, \u00e7al\u0131\u015ft\u0131\u011f\u0131n\u0131z kurumdan alaca\u011f\u0131n\u0131z resmi belge ya da T\u00fcrk \u015firketlerden alaca\u011f\u0131n\u0131z davetiye ile i\u015f vizesine ba\u015fvurman\u0131z, i\u015flemin h\u0131zl\u0131 bir \u015fekilde tamamlanmas\u0131na yard\u0131mc\u0131 olabilir. Umuma mahsus, diplomatik ya da resmi pasaport sahibi yabanc\u0131lar\u0131n t\u00fcm vize s\u00fcre\u00e7lerinde, ihtiya\u00e7 duyulan ad\u0131mlar\u0131n takibi yine Aslanlar pazarlama taraf\u0131ndan yap\u0131l\u0131r. Vizeden muaf \u00fclke vatanda\u015flar\u0131n\u0131n, gerekli ko\u015fullar\u0131 sa\u011flay\u0131p sa\u011flamad\u0131klar\u0131n\u0131n tespiti ile, e-vize ba\u015fvurusunda bulunabilecek ki\u015filerin tespiti yine deneyimli dan\u0131\u015fman kadromuz taraf\u0131ndan takip edilir.<\/p>\n<p>Aslanlar Pazarlama, vize yenileme ve vize s\u00fcresi uzatmak isteyen misafirlerinin, gerekli i\u015flemlerini takip ederek, sorunsuz bir \u015fekilde izin s\u00fcrelerini uzatmalar\u0131na yard\u0131mc\u0131 olmaktad\u0131r. T\u00fcrkiye\u2019ye vizesiz giri\u015f hakk\u0131 olan pasaportlar i\u00e7in, \u00fclkede ne kadar s\u00fcre kal\u0131nabilece\u011fi, transit ge\u00e7i\u015f ya da \u00e7al\u0131\u015fma haklar\u0131 ile ilgili detayl\u0131 bilgi, dan\u0131\u015fman kadromuz taraf\u0131ndan en do\u011fru \u015fekilde misafirlerimize aktar\u0131l\u0131r.<\/p>\n<p>\u00c7ipli ulusal kimlik kart\u0131 ile T\u00fcrkiye\u2019ye giri\u015f yapabilen \u00fclke vatanda\u015flar\u0131 i\u00e7in, vizeden muaf tutulacaklar\u0131 g\u00fcn say\u0131s\u0131 ve \u00fclkeye giri\u015f ko\u015fullar\u0131 da Aslanlar Pazarlama dan\u0131\u015fmanlar\u0131 taraf\u0131ndan takip edilir.<\/p>\n\t\t\t\t\t\t\t\t<\/div>\n\t\t\t\t<\/div>\n\t\t\t\t\t<\/div>\n\t\t<\/div>\n\t\t\t\t\t<\/div>\n\t\t<\/section>\n\t\t\t\t\t<\/div>\n\t\t<\/div>\n\t\t\t\t<div class=\"elementor-column elementor-col-33 elementor-top-column elementor-element elementor-element-a4e8022\" data-id=\"a4e8022\" data-element_type=\"column\">\n\t\t\t<div class=\"elementor-widget-wrap elementor-element-populated\">\n\t\t\t\t\t\t<section class=\"elementor-section elementor-inner-section elementor-element elementor-element-fc73e1b elementor-section-boxed elementor-section-height-default elementor-section-height-default\" data-id=\"fc73e1b\" data-element_type=\"section\">\n\t\t\t\t\t\t<div class=\"elementor-container elementor-column-gap-no\">\n\t\t\t\t\t<div class=\"elementor-column elementor-col-100 elementor-inner-column elementor-element elementor-element-d14ea51\" data-id=\"d14ea51\" data-element_type=\"column\">\n\t\t\t<div class=\"elementor-widget-wrap elementor-element-populated\">\n\t\t\t\t\t\t<div class=\"elementor-element elementor-element-596d40e gyan-menu-list-vertical elementor-widget elementor-widget-gyan_menu_list\" data-id=\"596d40e\" data-element_type=\"widget\" data-widget_type=\"gyan_menu_list.default\">\n\t\t\t\t<div class=\"elementor-widget-container\">\n\t\t\t\t\t<div class=\"gyan-menu-list\"><div class=\"menu-hizmetlerimiz-ingilizce-container\"><ul id=\"menu-hizmetlerimiz-ingilizce\" class=\"gyan-menu-list-item gyan-ease-transition\"><li id=\"menu-item-1905\" class=\"menu-item menu-item-type-post_type menu-item-object-page menu-item-1905\"><a href=\"https:\/\/aslanlarpazarlama.com\/en\/export\/\">Export<\/a><\/li>\n<li id=\"menu-item-1906\" class=\"menu-item menu-item-type-post_type menu-item-object-page menu-item-1906\"><a href=\"https:\/\/aslanlarpazarlama.com\/en\/imports\/\">Imports<\/a><\/li>\n<li id=\"menu-item-1907\" class=\"menu-item menu-item-type-post_type menu-item-object-page menu-item-1907\"><a href=\"https:\/\/aslanlarpazarlama.com\/en\/consultancy\/\">Consultancy<\/a><\/li>\n<li id=\"menu-item-1908\" class=\"menu-item menu-item-type-post_type menu-item-object-page menu-item-1908\"><a href=\"https:\/\/aslanlarpazarlama.com\/en\/logistics\/\">Logistics<\/a><\/li>\n<li id=\"menu-item-1909\" class=\"menu-item menu-item-type-post_type menu-item-object-page menu-item-1909\"><a href=\"https:\/\/aslanlarpazarlama.com\/en\/tourism\/\">Tourism<\/a><\/li>\n<li id=\"menu-item-1910\" class=\"menu-item menu-item-type-post_type menu-item-object-page menu-item-1910\"><a href=\"https:\/\/aslanlarpazarlama.com\/en\/real-estate\/\">Real Estate<\/a><\/li>\n<li id=\"menu-item-1911\" class=\"menu-item menu-item-type-post_type menu-item-object-page menu-item-1911\"><a href=\"https:\/\/aslanlarpazarlama.com\/en\/citizenship\/\">Citizenship<\/a><\/li>\n<li id=\"menu-item-1912\" class=\"menu-item menu-item-type-post_type menu-item-object-page menu-item-1912\"><a href=\"https:\/\/aslanlarpazarlama.com\/en\/company-establishment\/\">Company Establishment<\/a><\/li>\n<li id=\"menu-item-1913\" class=\"menu-item menu-item-type-post_type menu-item-object-page menu-item-1913\"><a href=\"https:\/\/aslanlarpazarlama.com\/en\/visa-procedures\/\">Visa Procedures<\/a><\/li>\n<\/ul><\/div><\/div>\t\t\t\t<\/div>\n\t\t\t\t<\/div>\n\t\t\t\t\t<\/div>\n\t\t<\/div>\n\t\t\t\t\t<\/div>\n\t\t<\/section>\n\t\t\t\t<section class=\"elementor-section elementor-inner-section elementor-element elementor-element-e5174ed elementor-section-boxed elementor-section-height-default elementor-section-height-default\" data-id=\"e5174ed\" data-element_type=\"section\">\n\t\t\t\t\t\t<div class=\"elementor-container elementor-column-gap-default\">\n\t\t\t\t\t<div class=\"elementor-column elementor-col-100 elementor-inner-column elementor-element elementor-element-7c4a098\" data-id=\"7c4a098\" data-element_type=\"column\" data-settings=\"{&quot;background_background&quot;:&quot;classic&quot;}\">\n\t\t\t<div class=\"elementor-widget-wrap elementor-element-populated\">\n\t\t\t\t\t\t<div class=\"elementor-element elementor-element-cf4146a gyan-infobox-position-top gyan-infobox-center-no gyan-infobox-align-center gyan-hover-animation-none gyan-animation-box-fade elementor-widget elementor-widget-gyan_info_box\" data-id=\"cf4146a\" data-element_type=\"widget\" data-widget_type=\"gyan_info_box.default\">\n\t\t\t\t<div class=\"elementor-widget-container\">\n\t\t\t\t\t\n\t\t<div class=\"gyan-info-box gyan-animation-box gyan-ease-transition\">\n\n\t\t\t\n\t\t\t\n\t\t\t\t<div class=\"gyan-infobox-icon-holder gyan-ease-transition\">\n\n\t\t\t\t\t\n\t\t\t\t\t\n\t\t\t\t\t\n\t\t\t\t\t\t\t\t\t\t\t<span class=\"gyan-infobox-image\">\n\t\t\t\t\t\t\t<img decoding=\"async\" width=\"53\" height=\"53\" src=\"https:\/\/aslanlarpazarlama.com\/wp-content\/uploads\/icon-call-1.png\" class=\"attachment-full size-full wp-image-1202\" alt=\"\" \/>\t\t\t\t\t\t<\/span>\n\t\t\t\t\t\n\t\t\t\t\t\n\t\t\t\t<\/div>\n\n\t\t\t\n\t\t\t<div class=\"gyan-infobox-content-holder\">\n\n\t\t\t\t\n\t\t\t\t\t<h4 class=\"gyan-infobox-title gyan-ease-transition\">\n\t\t\t\t\t\t\t\t\t\t\t\tHerhangi bir sorunuz mu var? <br\/>Bizi Hemen Aray\u0131n!\t\t\t\t\t\t\t\t\t\t\t<\/h4>\n\n\t\t\t\t\n\t\t\t\t\n\t\t\t\t\n\t\t\t\t\t<h5 class=\"gyan-infobox-content gyan-ease-transition\">\n\t\t\t\t\t\t+90 541 456 92 12\t\t\t\t\t<\/h5>\n\n\t\t\t\t\n\t\t\t\t\n\t\t\t\t<div class=\"clear\"><\/div>\n\t\t\t<\/div>\n\t\t<\/div>\n\t\t\t\t\t<\/div>\n\t\t\t\t<\/div>\n\t\t\t\t<div class=\"elementor-element elementor-element-ac1e8c3 elementor-widget elementor-widget-heading\" data-id=\"ac1e8c3\" data-element_type=\"widget\" data-widget_type=\"heading.default\">\n\t\t\t\t<div class=\"elementor-widget-container\">\n\t\t\t\t\t<h2 class=\"elementor-heading-title elementor-size-default\"><a href=\"mailto:info@aslanlarpazarlama.com\">info@aslanlarpazarlama.com<\/a><\/h2>\t\t\t\t<\/div>\n\t\t\t\t<\/div>\n\t\t\t\t\t<\/div>\n\t\t<\/div>\n\t\t\t\t\t<\/div>\n\t\t<\/section>\n\t\t\t\t\t<\/div>\n\t\t<\/div>\n\t\t\t\t\t<\/div>\n\t\t<\/section>\n\t\t\t\t<\/div>\n\t\t","protected":false},"excerpt":{"rendered":"<p>Aslanlar Pazarlama, \u00fclkemizi ziyaret etmek isteyen yabanc\u0131 misafirlerin, turistik, i\u015f ya da resmi ziyaretlerinde ihtiya\u00e7 duyduklar\u0131 vize tipleri i\u00e7in ba\u015fvuru ve s\u00fcre\u00e7 dan\u0131\u015fmanl\u0131\u011f\u0131 yapmaktad\u0131r. T\u00fcrkiye vizesi almak isteyen misafirlerin, T\u00fcrk konsolosluklar\u0131na sunmak zorunda olduklar\u0131 belgeler ile vize s\u00fcrecine olumlu katk\u0131 sa\u011flayacak ek bilgilerin takibi Aslanlar Pazarlama vize dan\u0131\u015fman ekibi taraf\u0131ndan [&hellip;]<\/p>\n","protected":false},"author":1,"featured_media":0,"parent":0,"menu_order":24,"comment_status":"closed","ping_status":"closed","template":"","meta":{"footnotes":""},"class_list":["post-1880","page","type-page","status-publish","hentry"],"_links":{"self":[{"href":"https:\/\/aslanlarpazarlama.com\/en\/wp-json\/wp\/v2\/pages\/1880","targetHints":{"allow":["GET"]}}],"collection":[{"href":"https:\/\/aslanlarpazarlama.com\/en\/wp-json\/wp\/v2\/pages"}],"about":[{"href":"https:\/\/aslanlarpazarlama.com\/en\/wp-json\/wp\/v2\/types\/page"}],"author":[{"embeddable":true,"href":"https:\/\/aslanlarpazarlama.com\/en\/wp-json\/wp\/v2\/users\/1"}],"replies":[{"embeddable":true,"href":"https:\/\/aslanlarpazarlama.com\/en\/wp-json\/wp\/v2\/comments?post=1880"}],"version-history":[{"count":1,"href":"https:\/\/aslanlarpazarlama.com\/en\/wp-json\/wp\/v2\/pages\/1880\/revisions"}],"predecessor-version":[{"id":1881,"href":"https:\/\/aslanlarpazarlama.com\/en\/wp-json\/wp\/v2\/pages\/1880\/revisions\/1881"}],"wp:attachment":[{"href":"https:\/\/aslanlarpazarlama.com\/en\/wp-json\/wp\/v2\/media?parent=1880"}],"curies":[{"name":"wp","href":"https:\/\/api.w.org\/{rel}","templated":true}]}}