{"id":1876,"date":"2022-10-27T20:39:00","date_gmt":"2022-10-27T17:39:00","guid":{"rendered":"https:\/\/aslanlarpazarlama.com\/real-estate\/"},"modified":"2022-12-23T14:53:59","modified_gmt":"2022-12-23T11:53:59","slug":"real-estate","status":"publish","type":"page","link":"https:\/\/aslanlarpazarlama.com\/en\/real-estate\/","title":{"rendered":"Real Estate"},"content":{"rendered":"\t\t<div data-elementor-type=\"wp-page\" data-elementor-id=\"1876\" class=\"elementor elementor-1876 elementor-963\" data-elementor-post-type=\"page\">\n\t\t\t\t\t\t<section class=\"elementor-section elementor-top-section elementor-element elementor-element-41911ed5 elementor-section-stretched elementor-section-boxed elementor-section-height-default elementor-section-height-default\" data-id=\"41911ed5\" data-element_type=\"section\" data-settings=\"{&quot;stretch_section&quot;:&quot;section-stretched&quot;}\">\n\t\t\t\t\t\t<div class=\"elementor-container elementor-column-gap-no\">\n\t\t\t\t\t<div class=\"elementor-column elementor-col-66 elementor-top-column elementor-element elementor-element-5423d2d3\" data-id=\"5423d2d3\" data-element_type=\"column\">\n\t\t\t<div class=\"elementor-widget-wrap elementor-element-populated\">\n\t\t\t\t\t\t<section class=\"elementor-section elementor-inner-section elementor-element elementor-element-6dcb4ba9 elementor-section-boxed elementor-section-height-default elementor-section-height-default\" data-id=\"6dcb4ba9\" data-element_type=\"section\">\n\t\t\t\t\t\t<div class=\"elementor-container elementor-column-gap-no\">\n\t\t\t\t\t<div class=\"elementor-column elementor-col-100 elementor-inner-column elementor-element elementor-element-6df0a3bf\" data-id=\"6df0a3bf\" data-element_type=\"column\">\n\t\t\t<div class=\"elementor-widget-wrap elementor-element-populated\">\n\t\t\t\t\t\t<div class=\"elementor-element elementor-element-494a70b elementor-widget elementor-widget-heading\" data-id=\"494a70b\" data-element_type=\"widget\" data-widget_type=\"heading.default\">\n\t\t\t\t<div class=\"elementor-widget-container\">\n\t\t\t\t\t<h3 class=\"elementor-heading-title elementor-size-default\">Real Estate<\/h3>\t\t\t\t<\/div>\n\t\t\t\t<\/div>\n\t\t\t\t<div class=\"elementor-element elementor-element-2b23d1a elementor-widget elementor-widget-text-editor\" data-id=\"2b23d1a\" data-element_type=\"widget\" data-widget_type=\"text-editor.default\">\n\t\t\t\t<div class=\"elementor-widget-container\">\n\t\t\t\t\t\t\t\t\t<p>Aslanlar Pazarlama, T\u00fcrkiye\u2019de ev sahibi olmak isteyenlere gayrimenkul dan\u0131\u015fmanl\u0131k hizmeti vermektedir. Gayrimenkul yat\u0131r\u0131m se\u00e7enekleri i\u00e7in m\u00fc\u015fterilerine bilgi ve hizmet sa\u011flayan firmam\u0131z, gayrimenkul sat\u0131n alma ve kiralama i\u015flemlerinizi t\u00fcm a\u015famalar\u0131nda y\u00f6neterek sizlere h\u0131z, zaman ve maddi avantaj sa\u011flamay\u0131 hedeflemektedir. T\u00fcrkiye\u2019nin diledi\u011finiz bir b\u00f6lgesinde gayrimenkul yat\u0131r\u0131m\u0131 yaparak, T\u00fcrkiye\u2019de vatanda\u015fl\u0131k i\u015flemleri i\u00e7in ilk ad\u0131m\u0131 atabilir, y\u00fcksek yat\u0131r\u0131m geri d\u00f6n\u00fc\u015f h\u0131z\u0131 sayesinde erken d\u00f6nemde h\u0131zla kara ge\u00e7ebilirsiniz.<\/p>\n<p>Gayrimenkul dan\u0131\u015fmanl\u0131k hizmeti ile, yat\u0131r\u0131m amac\u0131n\u0131za uygun b\u00f6lge ya da b\u00f6lgeler aras\u0131nda se\u00e7im yaparak, hedefinize en uygun noktada gayrimenkul sahibi olabilirsiniz. T\u00fcrkiye\u2019de yabanc\u0131ya sat\u0131\u015f\u0131 a\u00e7\u0131k b\u00f6lgeler i\u00e7in uzun ara\u015ft\u0131rmalara girmek zorunda kalmadan, en uygun gayrimenkule sorunsuzca ula\u015fabilirsiniz. Aslanlar pazarlama, tecr\u00fcbeli sat\u0131\u015f ekibi ile sizler i\u00e7in en karl\u0131 gayrimenkul\u00fc bularak, sat\u0131n alma s\u00fcrecini ba\u015flat\u0131r. Yapman\u0131z gereken tek \u015fey, yat\u0131r\u0131m miktar\u0131n\u0131 ve s\u00fcresini sat\u0131\u015f ekibimize aktararak, size sunulacak se\u00e7enekleri de\u011ferlendirmek olacakt\u0131r.<\/p>\n\t\t\t\t\t\t\t\t<\/div>\n\t\t\t\t<\/div>\n\t\t\t\t<div class=\"elementor-element elementor-element-d8a6de9 elementor-widget elementor-widget-heading\" data-id=\"d8a6de9\" data-element_type=\"widget\" data-widget_type=\"heading.default\">\n\t\t\t\t<div class=\"elementor-widget-container\">\n\t\t\t\t\t<h4 class=\"elementor-heading-title elementor-size-default\">T\u00fcrkiye\u2019de Gayrimenkul Kiralamak Aslanlar Pazarlama ile \u00c7ok Kolay<\/h4>\t\t\t\t<\/div>\n\t\t\t\t<\/div>\n\t\t\t\t<div class=\"elementor-element elementor-element-32b7c40 elementor-widget elementor-widget-text-editor\" data-id=\"32b7c40\" data-element_type=\"widget\" data-widget_type=\"text-editor.default\">\n\t\t\t\t<div class=\"elementor-widget-container\">\n\t\t\t\t\t\t\t\t\t<p>Aslanlar Pazarlama, T\u00fcrkiye\u2019de \u015firket kurmak ya da vatanda\u015fl\u0131k almak isteyen m\u00fc\u015fterilerinin, b\u00f6lgeyi tan\u0131mak ve resmi s\u00fcreci y\u00f6netmek i\u00e7in ihtiya\u00e7 duydu\u011fu k\u0131sa ve orta vadeli konaklama ihtiya\u00e7lar\u0131na, en uygun kiral\u0131k gayrimenkul se\u00e7enekleri ile cevap verir. \u0130htiya\u00e7 duydu\u011funuz gayrimenkul tipini ve kiralama s\u00fcresini dan\u0131\u015fmanlar\u0131m\u0131za ileterek, sizler i\u00e7in en uygun kiral\u0131k gayrimenkul alternatiflerine h\u0131zla ula\u015fabilirsiniz. Kiralama a\u015famalar\u0131n\u0131n tamam\u0131nda, gayrimenkul dan\u0131\u015fmanl\u0131k hizmeti avantajlar\u0131ndan faydalanabilirsiniz. Kontrat haz\u0131rlama, ta\u015f\u0131nma ve yerle\u015fme a\u015famalar\u0131nda, ihtiyac\u0131n\u0131z olan t\u00fcm durumlarda dan\u0131\u015fman ekibimizden destek isteyebilirsiniz.<\/p>\n\t\t\t\t\t\t\t\t<\/div>\n\t\t\t\t<\/div>\n\t\t\t\t<div class=\"elementor-element elementor-element-1ce7dd3 elementor-widget elementor-widget-heading\" data-id=\"1ce7dd3\" data-element_type=\"widget\" data-widget_type=\"heading.default\">\n\t\t\t\t<div class=\"elementor-widget-container\">\n\t\t\t\t\t<h4 class=\"elementor-heading-title elementor-size-default\">T\u00fcrkiye\u2019de Gayrimenkul Almak i\u00e7in Do\u011fru Adres<\/h4>\t\t\t\t<\/div>\n\t\t\t\t<\/div>\n\t\t\t\t\t<\/div>\n\t\t<\/div>\n\t\t\t\t\t<\/div>\n\t\t<\/section>\n\t\t\t\t<div class=\"elementor-element elementor-element-82960ff elementor-widget elementor-widget-text-editor\" data-id=\"82960ff\" data-element_type=\"widget\" data-widget_type=\"text-editor.default\">\n\t\t\t\t<div class=\"elementor-widget-container\">\n\t\t\t\t\t\t\t\t\t<p>T\u00fcrkiye\u2019de yabanc\u0131ya sat\u0131\u015f yap\u0131labilen gayrimenkuller, ilgili kanunlarla belirlenmektedir. Baz\u0131 il\u00e7e ve \u015fehirlerde yabanc\u0131ya gayrimenkul sat\u0131\u015f\u0131 k\u0131s\u0131tlanm\u0131\u015fken baz\u0131lar\u0131nda serbest b\u0131rak\u0131labilmektedir. T\u00fcm bu prosed\u00fcrleri sizler ad\u0131na takip edecek deneyimli sat\u0131\u015f ekibimiz, T\u00fcrkiye\u2019de gayrimenkul sat\u0131n almak isteyen yabanc\u0131 uyruklu m\u00fc\u015fterilerimizin, sorunsuz bir sat\u0131n al\u0131m ger\u00e7ekle\u015ftirmesini hedeflemektedir. T\u00fcrkiye\u2019de av almak ya da i\u015fyeri almak, Aslanlar Pazarlama sayesinde, son derece k\u0131sa s\u00fcrede m\u00fcmk\u00fcn olabilmektedir. T\u00fcrkiye\u2019de kredi kullanmak ya da vatanda\u015fl\u0131k almak isteyen yabanc\u0131 m\u00fc\u015fterilerimiz i\u00e7in de yerle\u015fim ama\u00e7l\u0131 gayrimenkul dan\u0131\u015fmanl\u0131\u011f\u0131 hizmeti verilmektedir.<\/p>\n\t\t\t\t\t\t\t\t<\/div>\n\t\t\t\t<\/div>\n\t\t\t\t\t<\/div>\n\t\t<\/div>\n\t\t\t\t<div class=\"elementor-column elementor-col-33 elementor-top-column elementor-element elementor-element-57443588\" data-id=\"57443588\" data-element_type=\"column\">\n\t\t\t<div class=\"elementor-widget-wrap elementor-element-populated\">\n\t\t\t\t\t\t<section class=\"elementor-section elementor-inner-section elementor-element elementor-element-11c780b7 elementor-section-boxed elementor-section-height-default elementor-section-height-default\" data-id=\"11c780b7\" data-element_type=\"section\">\n\t\t\t\t\t\t<div class=\"elementor-container elementor-column-gap-no\">\n\t\t\t\t\t<div class=\"elementor-column elementor-col-100 elementor-inner-column elementor-element elementor-element-7c232f69\" data-id=\"7c232f69\" data-element_type=\"column\">\n\t\t\t<div class=\"elementor-widget-wrap elementor-element-populated\">\n\t\t\t\t\t\t<div class=\"elementor-element elementor-element-1ffca95a gyan-menu-list-vertical elementor-widget elementor-widget-gyan_menu_list\" data-id=\"1ffca95a\" data-element_type=\"widget\" data-widget_type=\"gyan_menu_list.default\">\n\t\t\t\t<div class=\"elementor-widget-container\">\n\t\t\t\t\t<div class=\"gyan-menu-list\"><div class=\"menu-hizmetlerimiz-ingilizce-container\"><ul id=\"menu-hizmetlerimiz-ingilizce\" class=\"gyan-menu-list-item gyan-ease-transition\"><li id=\"menu-item-1905\" class=\"menu-item menu-item-type-post_type menu-item-object-page menu-item-1905\"><a href=\"https:\/\/aslanlarpazarlama.com\/en\/export\/\">Export<\/a><\/li>\n<li id=\"menu-item-1906\" class=\"menu-item menu-item-type-post_type menu-item-object-page menu-item-1906\"><a href=\"https:\/\/aslanlarpazarlama.com\/en\/imports\/\">Imports<\/a><\/li>\n<li id=\"menu-item-1907\" class=\"menu-item menu-item-type-post_type menu-item-object-page menu-item-1907\"><a href=\"https:\/\/aslanlarpazarlama.com\/en\/consultancy\/\">Consultancy<\/a><\/li>\n<li id=\"menu-item-1908\" class=\"menu-item menu-item-type-post_type menu-item-object-page menu-item-1908\"><a href=\"https:\/\/aslanlarpazarlama.com\/en\/logistics\/\">Logistics<\/a><\/li>\n<li id=\"menu-item-1909\" class=\"menu-item menu-item-type-post_type menu-item-object-page menu-item-1909\"><a href=\"https:\/\/aslanlarpazarlama.com\/en\/tourism\/\">Tourism<\/a><\/li>\n<li id=\"menu-item-1910\" class=\"menu-item menu-item-type-post_type menu-item-object-page menu-item-1910\"><a href=\"https:\/\/aslanlarpazarlama.com\/en\/real-estate\/\">Real Estate<\/a><\/li>\n<li id=\"menu-item-1911\" class=\"menu-item menu-item-type-post_type menu-item-object-page menu-item-1911\"><a href=\"https:\/\/aslanlarpazarlama.com\/en\/citizenship\/\">Citizenship<\/a><\/li>\n<li id=\"menu-item-1912\" class=\"menu-item menu-item-type-post_type menu-item-object-page menu-item-1912\"><a href=\"https:\/\/aslanlarpazarlama.com\/en\/company-establishment\/\">Company Establishment<\/a><\/li>\n<li id=\"menu-item-1913\" class=\"menu-item menu-item-type-post_type menu-item-object-page menu-item-1913\"><a href=\"https:\/\/aslanlarpazarlama.com\/en\/visa-procedures\/\">Visa Procedures<\/a><\/li>\n<\/ul><\/div><\/div>\t\t\t\t<\/div>\n\t\t\t\t<\/div>\n\t\t\t\t\t<\/div>\n\t\t<\/div>\n\t\t\t\t\t<\/div>\n\t\t<\/section>\n\t\t\t\t<section class=\"elementor-section elementor-inner-section elementor-element elementor-element-7e0b3408 elementor-section-boxed elementor-section-height-default elementor-section-height-default\" data-id=\"7e0b3408\" data-element_type=\"section\">\n\t\t\t\t\t\t<div class=\"elementor-container elementor-column-gap-default\">\n\t\t\t\t\t<div class=\"elementor-column elementor-col-100 elementor-inner-column elementor-element elementor-element-6bd41279\" data-id=\"6bd41279\" data-element_type=\"column\" data-settings=\"{&quot;background_background&quot;:&quot;classic&quot;}\">\n\t\t\t<div class=\"elementor-widget-wrap elementor-element-populated\">\n\t\t\t\t\t\t<div class=\"elementor-element elementor-element-6ed1057c gyan-infobox-position-top gyan-infobox-center-no gyan-infobox-align-center gyan-hover-animation-none gyan-animation-box-fade elementor-widget elementor-widget-gyan_info_box\" data-id=\"6ed1057c\" data-element_type=\"widget\" data-widget_type=\"gyan_info_box.default\">\n\t\t\t\t<div class=\"elementor-widget-container\">\n\t\t\t\t\t\n\t\t<div class=\"gyan-info-box gyan-animation-box gyan-ease-transition\">\n\n\t\t\t\n\t\t\t\n\t\t\t\t<div class=\"gyan-infobox-icon-holder gyan-ease-transition\">\n\n\t\t\t\t\t\n\t\t\t\t\t\n\t\t\t\t\t\n\t\t\t\t\t\t\t\t\t\t\t<span class=\"gyan-infobox-image\">\n\t\t\t\t\t\t\t<img decoding=\"async\" width=\"53\" height=\"53\" src=\"https:\/\/aslanlarpazarlama.com\/wp-content\/uploads\/icon-call-1.png\" class=\"attachment-full size-full wp-image-1202\" alt=\"\" \/>\t\t\t\t\t\t<\/span>\n\t\t\t\t\t\n\t\t\t\t\t\n\t\t\t\t<\/div>\n\n\t\t\t\n\t\t\t<div class=\"gyan-infobox-content-holder\">\n\n\t\t\t\t\n\t\t\t\t\t<h4 class=\"gyan-infobox-title gyan-ease-transition\">\n\t\t\t\t\t\t\t\t\t\t\t\tHerhangi bir sorunuz mu var? <br\/>Bizi Hemen Aray\u0131n!\t\t\t\t\t\t\t\t\t\t\t<\/h4>\n\n\t\t\t\t\n\t\t\t\t\n\t\t\t\t\n\t\t\t\t\t<h5 class=\"gyan-infobox-content gyan-ease-transition\">\n\t\t\t\t\t\t+90 541 456 92 12\t\t\t\t\t<\/h5>\n\n\t\t\t\t\n\t\t\t\t\n\t\t\t\t<div class=\"clear\"><\/div>\n\t\t\t<\/div>\n\t\t<\/div>\n\t\t\t\t\t<\/div>\n\t\t\t\t<\/div>\n\t\t\t\t<div class=\"elementor-element elementor-element-516ace68 elementor-widget elementor-widget-heading\" data-id=\"516ace68\" data-element_type=\"widget\" data-widget_type=\"heading.default\">\n\t\t\t\t<div class=\"elementor-widget-container\">\n\t\t\t\t\t<h2 class=\"elementor-heading-title elementor-size-default\"><a href=\"mailto:info@aslanlarpazarlama.com\">info@aslanlarpazarlama.com<\/a><\/h2>\t\t\t\t<\/div>\n\t\t\t\t<\/div>\n\t\t\t\t\t<\/div>\n\t\t<\/div>\n\t\t\t\t\t<\/div>\n\t\t<\/section>\n\t\t\t\t\t<\/div>\n\t\t<\/div>\n\t\t\t\t\t<\/div>\n\t\t<\/section>\n\t\t\t\t<\/div>\n\t\t","protected":false},"excerpt":{"rendered":"<p>Aslanlar Pazarlama, T\u00fcrkiye\u2019de ev sahibi olmak isteyenlere gayrimenkul dan\u0131\u015fmanl\u0131k hizmeti vermektedir. Gayrimenkul yat\u0131r\u0131m se\u00e7enekleri i\u00e7in m\u00fc\u015fterilerine bilgi ve hizmet sa\u011flayan firmam\u0131z, gayrimenkul sat\u0131n alma ve kiralama i\u015flemlerinizi t\u00fcm a\u015famalar\u0131nda y\u00f6neterek sizlere h\u0131z, zaman ve maddi avantaj sa\u011flamay\u0131 hedeflemektedir. T\u00fcrkiye\u2019nin diledi\u011finiz bir b\u00f6lgesinde gayrimenkul yat\u0131r\u0131m\u0131 yaparak, T\u00fcrkiye\u2019de vatanda\u015fl\u0131k i\u015flemleri i\u00e7in ilk [&hellip;]<\/p>\n","protected":false},"author":1,"featured_media":0,"parent":0,"menu_order":18,"comment_status":"closed","ping_status":"closed","template":"","meta":{"footnotes":""},"class_list":["post-1876","page","type-page","status-publish","hentry"],"_links":{"self":[{"href":"https:\/\/aslanlarpazarlama.com\/en\/wp-json\/wp\/v2\/pages\/1876","targetHints":{"allow":["GET"]}}],"collection":[{"href":"https:\/\/aslanlarpazarlama.com\/en\/wp-json\/wp\/v2\/pages"}],"about":[{"href":"https:\/\/aslanlarpazarlama.com\/en\/wp-json\/wp\/v2\/types\/page"}],"author":[{"embeddable":true,"href":"https:\/\/aslanlarpazarlama.com\/en\/wp-json\/wp\/v2\/users\/1"}],"replies":[{"embeddable":true,"href":"https:\/\/aslanlarpazarlama.com\/en\/wp-json\/wp\/v2\/comments?post=1876"}],"version-history":[{"count":1,"href":"https:\/\/aslanlarpazarlama.com\/en\/wp-json\/wp\/v2\/pages\/1876\/revisions"}],"predecessor-version":[{"id":1877,"href":"https:\/\/aslanlarpazarlama.com\/en\/wp-json\/wp\/v2\/pages\/1876\/revisions\/1877"}],"wp:attachment":[{"href":"https:\/\/aslanlarpazarlama.com\/en\/wp-json\/wp\/v2\/media?parent=1876"}],"curies":[{"name":"wp","href":"https:\/\/api.w.org\/{rel}","templated":true}]}}