{"id":1874,"date":"2022-10-27T20:38:23","date_gmt":"2022-10-27T17:38:23","guid":{"rendered":"https:\/\/aslanlarpazarlama.com\/consultancy\/"},"modified":"2022-12-23T14:53:25","modified_gmt":"2022-12-23T11:53:25","slug":"consultancy","status":"publish","type":"page","link":"https:\/\/aslanlarpazarlama.com\/en\/consultancy\/","title":{"rendered":"Consultancy"},"content":{"rendered":"\t\t<div data-elementor-type=\"wp-page\" data-elementor-id=\"1874\" class=\"elementor elementor-1874 elementor-955\" data-elementor-post-type=\"page\">\n\t\t\t\t\t\t<section class=\"elementor-section elementor-top-section elementor-element elementor-element-6f273fe elementor-section-stretched elementor-section-boxed elementor-section-height-default elementor-section-height-default\" data-id=\"6f273fe\" data-element_type=\"section\" data-settings=\"{&quot;stretch_section&quot;:&quot;section-stretched&quot;}\">\n\t\t\t\t\t\t<div class=\"elementor-container elementor-column-gap-no\">\n\t\t\t\t\t<div class=\"elementor-column elementor-col-66 elementor-top-column elementor-element elementor-element-3e0aa55c\" data-id=\"3e0aa55c\" data-element_type=\"column\">\n\t\t\t<div class=\"elementor-widget-wrap elementor-element-populated\">\n\t\t\t\t\t\t<section class=\"elementor-section elementor-inner-section elementor-element elementor-element-2f1a1bce elementor-section-boxed elementor-section-height-default elementor-section-height-default\" data-id=\"2f1a1bce\" data-element_type=\"section\">\n\t\t\t\t\t\t<div class=\"elementor-container elementor-column-gap-no\">\n\t\t\t\t\t<div class=\"elementor-column elementor-col-100 elementor-inner-column elementor-element elementor-element-32e2820b\" data-id=\"32e2820b\" data-element_type=\"column\">\n\t\t\t<div class=\"elementor-widget-wrap elementor-element-populated\">\n\t\t\t\t\t\t<div class=\"elementor-element elementor-element-c8726d8 elementor-widget elementor-widget-heading\" data-id=\"c8726d8\" data-element_type=\"widget\" data-widget_type=\"heading.default\">\n\t\t\t\t<div class=\"elementor-widget-container\">\n\t\t\t\t\t<h3 class=\"elementor-heading-title elementor-size-default\">Consultancy<\/h3>\t\t\t\t<\/div>\n\t\t\t\t<\/div>\n\t\t\t\t<div class=\"elementor-element elementor-element-4598f556 elementor-widget elementor-widget-text-editor\" data-id=\"4598f556\" data-element_type=\"widget\" data-widget_type=\"text-editor.default\">\n\t\t\t\t<div class=\"elementor-widget-container\">\n\t\t\t\t\t\t\t\t\t<p>Aslanlar Pazarlama olarak, T\u00fcrkiye\u2019ye yerle\u015fmek, <strong>T\u00fcrkiye\u2019de gayrimenkul almak<\/strong>, \u015firket kurmak ya da vatanda\u015fl\u0131k elde etmek isteyen yabanc\u0131lara her a\u015famada profesyonel dan\u0131\u015fmanl\u0131k hizmeti veriyoruz. Niyetinizle ba\u015flayan ve gayretinizle ilerleyen bu yolculukta, bilgi birikimimizi sizlerle payla\u015f\u0131yor, h\u0131zl\u0131, ekonomik ve g\u00fcvenilir bir \u015fekilde sonuca ula\u015fman\u0131za yard\u0131mc\u0131 oluyoruz.<\/p>\n<p>Aslanlar Pazarlama dan\u0131\u015fmanl\u0131k hizmeti ile akl\u0131n\u0131za tak\u0131lan t\u00fcm sorulara en h\u0131zl\u0131 \u015fekilde yan\u0131t bulabilir, kar\u015f\u0131la\u015fabilece\u011finiz zorluklar ve prosed\u00fcrler ile ilgili en detayl\u0131 bilgiye ve en do\u011fru y\u00f6nlendirmeye kolayl\u0131kla ula\u015fabilirsiniz.<\/p>\n\t\t\t\t\t\t\t\t<\/div>\n\t\t\t\t<\/div>\n\t\t\t\t<div class=\"elementor-element elementor-element-76f524dd elementor-widget elementor-widget-heading\" data-id=\"76f524dd\" data-element_type=\"widget\" data-widget_type=\"heading.default\">\n\t\t\t\t<div class=\"elementor-widget-container\">\n\t\t\t\t\t<h4 class=\"elementor-heading-title elementor-size-default\">Dan\u0131\u015fmanl\u0131k Hizmetimiz Neleri \u0130\u00e7erir?<\/h4>\t\t\t\t<\/div>\n\t\t\t\t<\/div>\n\t\t\t\t<div class=\"elementor-element elementor-element-2c7ee40b elementor-widget elementor-widget-text-editor\" data-id=\"2c7ee40b\" data-element_type=\"widget\" data-widget_type=\"text-editor.default\">\n\t\t\t\t<div class=\"elementor-widget-container\">\n\t\t\t\t\t\t\t\t\t<p><strong>Yabanc\u0131lar\u0131n T\u00fcrkiye\u2019ye yerle\u015fmesi<\/strong> ya da <strong>T\u00fcrkiye\u2019de \u015firket a\u00e7ma<\/strong> i\u015flemlerini sorunsuz bir \u015fekilde ilerletebilmesi i\u00e7in anayasa ve ilgili kanunlarca kendilerinden istenen belge ve gerekleri do\u011fru anlamalar\u0131 \u00f6nemlidir. Aslanlar Pazarlama dan\u0131\u015fmanl\u0131k hizmeti ile Avrupa \u00fclkeleri ba\u015fta olmak \u00fczere d\u00fcnyan\u0131n hemen her k\u00f6\u015fesinden <strong>T\u00fcrkiye\u2019ye kal\u0131c\u0131 olarak yerle\u015fmek<\/strong>, burada yat\u0131r\u0131m yapmak ya da <strong>T\u00fcrkiye\u2019ye ihracat yapmak<\/strong> isteyen yabanc\u0131lar\u0131n, dil engellerine ya da uzun prosed\u00fcrlere tak\u0131lmadan en sa\u011fl\u0131kl\u0131 \u015fekilde s\u00fcreci tamamlar\u0131 desteklenir.<\/p>\n<p>Dan\u0131\u015fmanl\u0131k hizmeti, ki\u015finin ihtiya\u00e7lar\u0131na g\u00f6re \u015fekillenen s\u0131n\u0131rs\u0131z bir esnekli\u011fe sahiptir ve sahip oldu\u011fu ko\u015fullara ve ger\u00e7ekle\u015ftirmek istedi\u011fi hedefe ba\u011fl\u0131 olarak \u00e7er\u00e7evelendirilir. Genel olarak dan\u0131\u015fmanl\u0131k hizmetimiz;<\/p>\n\t\t\t\t\t\t\t\t<\/div>\n\t\t\t\t<\/div>\n\t\t\t\t<div class=\"elementor-element elementor-element-a520915 elementor-align-left elementor-icon-list--layout-traditional elementor-list-item-link-full_width elementor-widget elementor-widget-icon-list\" data-id=\"a520915\" data-element_type=\"widget\" data-widget_type=\"icon-list.default\">\n\t\t\t\t<div class=\"elementor-widget-container\">\n\t\t\t\t\t\t\t<ul class=\"elementor-icon-list-items\">\n\t\t\t\t\t\t\t<li class=\"elementor-icon-list-item\">\n\t\t\t\t\t\t\t\t\t\t\t<span class=\"elementor-icon-list-icon\">\n\t\t\t\t\t\t\t<i aria-hidden=\"true\" class=\"far fa-dot-circle\"><\/i>\t\t\t\t\t\t<\/span>\n\t\t\t\t\t\t\t\t\t\t<span class=\"elementor-icon-list-text\">Yabanc\u0131lar\u0131n T\u00fcrkiye\u2019de ev kiralamas\u0131 ya da sat\u0131n almas\u0131 gibi bar\u0131nma ihtiya\u00e7lar\u0131na y\u00f6nelik sorunlar\u0131na,<\/span>\n\t\t\t\t\t\t\t\t\t<\/li>\n\t\t\t\t\t\t\t\t<li class=\"elementor-icon-list-item\">\n\t\t\t\t\t\t\t\t\t\t\t<span class=\"elementor-icon-list-icon\">\n\t\t\t\t\t\t\t<i aria-hidden=\"true\" class=\"far fa-dot-circle\"><\/i>\t\t\t\t\t\t<\/span>\n\t\t\t\t\t\t\t\t\t\t<span class=\"elementor-icon-list-text\">T\u00fcrkiye ile yap\u0131lacak ithalat ihracat i\u015flemleri gibi ticari ihtiya\u00e7lar\u0131na,<\/span>\n\t\t\t\t\t\t\t\t\t<\/li>\n\t\t\t\t\t\t\t\t<li class=\"elementor-icon-list-item\">\n\t\t\t\t\t\t\t\t\t\t\t<span class=\"elementor-icon-list-icon\">\n\t\t\t\t\t\t\t<i aria-hidden=\"true\" class=\"far fa-dot-circle\"><\/i>\t\t\t\t\t\t<\/span>\n\t\t\t\t\t\t\t\t\t\t<span class=\"elementor-icon-list-text\">T\u00fcrkiye\u2019de vatanda\u015fl\u0131k almak isteyenlere,<\/span>\n\t\t\t\t\t\t\t\t\t<\/li>\n\t\t\t\t\t\t\t\t<li class=\"elementor-icon-list-item\">\n\t\t\t\t\t\t\t\t\t\t\t<span class=\"elementor-icon-list-icon\">\n\t\t\t\t\t\t\t<i aria-hidden=\"true\" class=\"far fa-dot-circle\"><\/i>\t\t\t\t\t\t<\/span>\n\t\t\t\t\t\t\t\t\t\t<span class=\"elementor-icon-list-text\">T\u00fcrkiye\u2019de \u015firket kurmak isteyenlerin ba\u015flang\u0131\u00e7tan \u015firketin faaliyete ge\u00e7irilmesine kadar her ad\u0131m\u0131nda ihtiya\u00e7lar\u0131na cevap vermektedir.<\/span>\n\t\t\t\t\t\t\t\t\t<\/li>\n\t\t\t\t\t\t<\/ul>\n\t\t\t\t\t\t<\/div>\n\t\t\t\t<\/div>\n\t\t\t\t<div class=\"elementor-element elementor-element-671e5c9 elementor-widget elementor-widget-heading\" data-id=\"671e5c9\" data-element_type=\"widget\" data-widget_type=\"heading.default\">\n\t\t\t\t<div class=\"elementor-widget-container\">\n\t\t\t\t\t<h4 class=\"elementor-heading-title elementor-size-default\">Nas\u0131l Dan\u0131\u015fmanl\u0131k Hizmeti Alabilirim?<\/h4>\t\t\t\t<\/div>\n\t\t\t\t<\/div>\n\t\t\t\t<div class=\"elementor-element elementor-element-66797b1 elementor-widget elementor-widget-text-editor\" data-id=\"66797b1\" data-element_type=\"widget\" data-widget_type=\"text-editor.default\">\n\t\t\t\t<div class=\"elementor-widget-container\">\n\t\t\t\t\t\t\t\t\t<p>Dan\u0131\u015fmanl\u0131k hizmeti i\u00e7in ileti\u015fim numaralar\u0131m\u0131z \u00fczerinden bizin-mle ileti\u015fime ge\u00e7erek talebinizi iletebilir ya da talep formu doldurarak m\u00fc\u015fteri dan\u0131\u015fman\u0131m\u0131z\u0131n size ula\u015fmas\u0131n\u0131 sa\u011flayabilirsiniz. Yap\u0131lacak ilk g\u00f6r\u00fc\u015fmede, sizleri tan\u0131yarak, hayallerinizi ve hedeflerinizi konu\u015farak izlenecek yollar kararla\u015ft\u0131r\u0131lacak ve onay\u0131n\u0131z do\u011frultusunda t\u00fcm s\u00fcre\u00e7 boyunca yapman\u0131z gereken ad\u0131mlar size aktar\u0131larak hedefinize sorunsuz ula\u015fman\u0131z sa\u011flanacakt\u0131r. Dan\u0131\u015fmanl\u0131k hizmeti s\u00fcresince ger\u00e7ekle\u015ftirece\u011finiz T\u00fcrkiye ziyaretlerinizde, ihtiyac\u0131n\u0131z olan <strong>otel rezervasyonlar\u0131<\/strong> ya da <strong>ara\u00e7 kiralama<\/strong> i\u015flemleri gibi k\u0131sa s\u00fcreli hizmetler de yine dan\u0131\u015fman\u0131n\u0131z taraf\u0131ndan takip edilecektir. <strong>Dan\u0131\u015fmanl\u0131k hizmeti fiyatlar\u0131<\/strong> ile ilgili detayl\u0131 bilgi almak i\u00e7in m\u00fc\u015fteri hizmetlerimiz ile ileti\u015fime ge\u00e7ebilirsiniz.<\/p>\n\t\t\t\t\t\t\t\t<\/div>\n\t\t\t\t<\/div>\n\t\t\t\t\t<\/div>\n\t\t<\/div>\n\t\t\t\t\t<\/div>\n\t\t<\/section>\n\t\t\t\t\t<\/div>\n\t\t<\/div>\n\t\t\t\t<div class=\"elementor-column elementor-col-33 elementor-top-column elementor-element elementor-element-71545686\" data-id=\"71545686\" data-element_type=\"column\">\n\t\t\t<div class=\"elementor-widget-wrap elementor-element-populated\">\n\t\t\t\t\t\t<section class=\"elementor-section elementor-inner-section elementor-element elementor-element-29199caa elementor-section-boxed elementor-section-height-default elementor-section-height-default\" data-id=\"29199caa\" data-element_type=\"section\">\n\t\t\t\t\t\t<div class=\"elementor-container elementor-column-gap-no\">\n\t\t\t\t\t<div class=\"elementor-column elementor-col-100 elementor-inner-column elementor-element elementor-element-109623fd\" data-id=\"109623fd\" data-element_type=\"column\">\n\t\t\t<div class=\"elementor-widget-wrap elementor-element-populated\">\n\t\t\t\t\t\t<div class=\"elementor-element elementor-element-54d7094b gyan-menu-list-vertical elementor-widget elementor-widget-gyan_menu_list\" data-id=\"54d7094b\" data-element_type=\"widget\" data-widget_type=\"gyan_menu_list.default\">\n\t\t\t\t<div class=\"elementor-widget-container\">\n\t\t\t\t\t<div class=\"gyan-menu-list\"><div class=\"menu-hizmetlerimiz-ingilizce-container\"><ul id=\"menu-hizmetlerimiz-ingilizce\" class=\"gyan-menu-list-item gyan-ease-transition\"><li id=\"menu-item-1905\" class=\"menu-item menu-item-type-post_type menu-item-object-page menu-item-1905\"><a href=\"https:\/\/aslanlarpazarlama.com\/en\/export\/\">Export<\/a><\/li>\n<li id=\"menu-item-1906\" class=\"menu-item menu-item-type-post_type menu-item-object-page menu-item-1906\"><a href=\"https:\/\/aslanlarpazarlama.com\/en\/imports\/\">Imports<\/a><\/li>\n<li id=\"menu-item-1907\" class=\"menu-item menu-item-type-post_type menu-item-object-page menu-item-1907\"><a href=\"https:\/\/aslanlarpazarlama.com\/en\/consultancy\/\">Consultancy<\/a><\/li>\n<li id=\"menu-item-1908\" class=\"menu-item menu-item-type-post_type menu-item-object-page menu-item-1908\"><a href=\"https:\/\/aslanlarpazarlama.com\/en\/logistics\/\">Logistics<\/a><\/li>\n<li id=\"menu-item-1909\" class=\"menu-item menu-item-type-post_type menu-item-object-page menu-item-1909\"><a href=\"https:\/\/aslanlarpazarlama.com\/en\/tourism\/\">Tourism<\/a><\/li>\n<li id=\"menu-item-1910\" class=\"menu-item menu-item-type-post_type menu-item-object-page menu-item-1910\"><a href=\"https:\/\/aslanlarpazarlama.com\/en\/real-estate\/\">Real Estate<\/a><\/li>\n<li id=\"menu-item-1911\" class=\"menu-item menu-item-type-post_type menu-item-object-page menu-item-1911\"><a href=\"https:\/\/aslanlarpazarlama.com\/en\/citizenship\/\">Citizenship<\/a><\/li>\n<li id=\"menu-item-1912\" class=\"menu-item menu-item-type-post_type menu-item-object-page menu-item-1912\"><a href=\"https:\/\/aslanlarpazarlama.com\/en\/company-establishment\/\">Company Establishment<\/a><\/li>\n<li id=\"menu-item-1913\" class=\"menu-item menu-item-type-post_type menu-item-object-page menu-item-1913\"><a href=\"https:\/\/aslanlarpazarlama.com\/en\/visa-procedures\/\">Visa Procedures<\/a><\/li>\n<\/ul><\/div><\/div>\t\t\t\t<\/div>\n\t\t\t\t<\/div>\n\t\t\t\t\t<\/div>\n\t\t<\/div>\n\t\t\t\t\t<\/div>\n\t\t<\/section>\n\t\t\t\t<section class=\"elementor-section elementor-inner-section elementor-element elementor-element-2dd27d70 elementor-section-boxed elementor-section-height-default elementor-section-height-default\" data-id=\"2dd27d70\" data-element_type=\"section\">\n\t\t\t\t\t\t<div class=\"elementor-container elementor-column-gap-default\">\n\t\t\t\t\t<div class=\"elementor-column elementor-col-100 elementor-inner-column elementor-element elementor-element-2f68cdc8\" data-id=\"2f68cdc8\" data-element_type=\"column\" data-settings=\"{&quot;background_background&quot;:&quot;classic&quot;}\">\n\t\t\t<div class=\"elementor-widget-wrap elementor-element-populated\">\n\t\t\t\t\t\t<div class=\"elementor-element elementor-element-60914f5d gyan-infobox-position-top gyan-infobox-center-no gyan-infobox-align-center gyan-hover-animation-none gyan-animation-box-fade elementor-widget elementor-widget-gyan_info_box\" data-id=\"60914f5d\" data-element_type=\"widget\" data-widget_type=\"gyan_info_box.default\">\n\t\t\t\t<div class=\"elementor-widget-container\">\n\t\t\t\t\t\n\t\t<div class=\"gyan-info-box gyan-animation-box gyan-ease-transition\">\n\n\t\t\t\n\t\t\t\n\t\t\t\t<div class=\"gyan-infobox-icon-holder gyan-ease-transition\">\n\n\t\t\t\t\t\n\t\t\t\t\t\n\t\t\t\t\t\n\t\t\t\t\t\t\t\t\t\t\t<span class=\"gyan-infobox-image\">\n\t\t\t\t\t\t\t<img decoding=\"async\" width=\"53\" height=\"53\" src=\"https:\/\/aslanlarpazarlama.com\/wp-content\/uploads\/icon-call-1.png\" class=\"attachment-full size-full wp-image-1202\" alt=\"\" \/>\t\t\t\t\t\t<\/span>\n\t\t\t\t\t\n\t\t\t\t\t\n\t\t\t\t<\/div>\n\n\t\t\t\n\t\t\t<div class=\"gyan-infobox-content-holder\">\n\n\t\t\t\t\n\t\t\t\t\t<h4 class=\"gyan-infobox-title gyan-ease-transition\">\n\t\t\t\t\t\t\t\t\t\t\t\tHerhangi bir sorunuz mu var? <br\/>Bizi Hemen Aray\u0131n!\t\t\t\t\t\t\t\t\t\t\t<\/h4>\n\n\t\t\t\t\n\t\t\t\t\n\t\t\t\t\n\t\t\t\t\t<h5 class=\"gyan-infobox-content gyan-ease-transition\">\n\t\t\t\t\t\t+90 541 456 92 12\t\t\t\t\t<\/h5>\n\n\t\t\t\t\n\t\t\t\t\n\t\t\t\t<div class=\"clear\"><\/div>\n\t\t\t<\/div>\n\t\t<\/div>\n\t\t\t\t\t<\/div>\n\t\t\t\t<\/div>\n\t\t\t\t<div class=\"elementor-element elementor-element-2acdb48d elementor-widget elementor-widget-heading\" data-id=\"2acdb48d\" data-element_type=\"widget\" data-widget_type=\"heading.default\">\n\t\t\t\t<div class=\"elementor-widget-container\">\n\t\t\t\t\t<h2 class=\"elementor-heading-title elementor-size-default\"><a href=\"mailto:info@aslanlarpazarlama.com\">info@aslanlarpazarlama.com<\/a><\/h2>\t\t\t\t<\/div>\n\t\t\t\t<\/div>\n\t\t\t\t\t<\/div>\n\t\t<\/div>\n\t\t\t\t\t<\/div>\n\t\t<\/section>\n\t\t\t\t\t<\/div>\n\t\t<\/div>\n\t\t\t\t\t<\/div>\n\t\t<\/section>\n\t\t\t\t<\/div>\n\t\t","protected":false},"excerpt":{"rendered":"<p>Aslanlar Pazarlama olarak, T\u00fcrkiye\u2019ye yerle\u015fmek, T\u00fcrkiye\u2019de gayrimenkul almak, \u015firket kurmak ya da vatanda\u015fl\u0131k elde etmek isteyen yabanc\u0131lara her a\u015famada profesyonel dan\u0131\u015fmanl\u0131k hizmeti veriyoruz. Niyetinizle ba\u015flayan ve gayretinizle ilerleyen bu yolculukta, bilgi birikimimizi sizlerle payla\u015f\u0131yor, h\u0131zl\u0131, ekonomik ve g\u00fcvenilir bir \u015fekilde sonuca ula\u015fman\u0131za yard\u0131mc\u0131 oluyoruz. Aslanlar Pazarlama dan\u0131\u015fmanl\u0131k hizmeti ile akl\u0131n\u0131za [&hellip;]<\/p>\n","protected":false},"author":1,"featured_media":0,"parent":0,"menu_order":12,"comment_status":"closed","ping_status":"closed","template":"","meta":{"footnotes":""},"class_list":["post-1874","page","type-page","status-publish","hentry"],"_links":{"self":[{"href":"https:\/\/aslanlarpazarlama.com\/en\/wp-json\/wp\/v2\/pages\/1874","targetHints":{"allow":["GET"]}}],"collection":[{"href":"https:\/\/aslanlarpazarlama.com\/en\/wp-json\/wp\/v2\/pages"}],"about":[{"href":"https:\/\/aslanlarpazarlama.com\/en\/wp-json\/wp\/v2\/types\/page"}],"author":[{"embeddable":true,"href":"https:\/\/aslanlarpazarlama.com\/en\/wp-json\/wp\/v2\/users\/1"}],"replies":[{"embeddable":true,"href":"https:\/\/aslanlarpazarlama.com\/en\/wp-json\/wp\/v2\/comments?post=1874"}],"version-history":[{"count":1,"href":"https:\/\/aslanlarpazarlama.com\/en\/wp-json\/wp\/v2\/pages\/1874\/revisions"}],"predecessor-version":[{"id":1875,"href":"https:\/\/aslanlarpazarlama.com\/en\/wp-json\/wp\/v2\/pages\/1874\/revisions\/1875"}],"wp:attachment":[{"href":"https:\/\/aslanlarpazarlama.com\/en\/wp-json\/wp\/v2\/media?parent=1874"}],"curies":[{"name":"wp","href":"https:\/\/api.w.org\/{rel}","templated":true}]}}