{"id":1872,"date":"2022-10-27T20:39:08","date_gmt":"2022-10-27T17:39:08","guid":{"rendered":"https:\/\/aslanlarpazarlama.com\/citizenship\/"},"modified":"2022-12-23T14:52:38","modified_gmt":"2022-12-23T11:52:38","slug":"citizenship","status":"publish","type":"page","link":"https:\/\/aslanlarpazarlama.com\/en\/citizenship\/","title":{"rendered":"Citizenship"},"content":{"rendered":"\t\t<div data-elementor-type=\"wp-page\" data-elementor-id=\"1872\" class=\"elementor elementor-1872 elementor-965\" data-elementor-post-type=\"page\">\n\t\t\t\t\t\t<section class=\"elementor-section elementor-top-section elementor-element elementor-element-620d478 elementor-section-stretched elementor-section-boxed elementor-section-height-default elementor-section-height-default\" data-id=\"620d478\" data-element_type=\"section\" data-settings=\"{&quot;stretch_section&quot;:&quot;section-stretched&quot;}\">\n\t\t\t\t\t\t<div class=\"elementor-container elementor-column-gap-no\">\n\t\t\t\t\t<div class=\"elementor-column elementor-col-66 elementor-top-column elementor-element elementor-element-24ab6b61\" data-id=\"24ab6b61\" data-element_type=\"column\">\n\t\t\t<div class=\"elementor-widget-wrap elementor-element-populated\">\n\t\t\t\t\t\t<section class=\"elementor-section elementor-inner-section elementor-element elementor-element-23a098cc elementor-section-boxed elementor-section-height-default elementor-section-height-default\" data-id=\"23a098cc\" data-element_type=\"section\">\n\t\t\t\t\t\t<div class=\"elementor-container elementor-column-gap-no\">\n\t\t\t\t\t<div class=\"elementor-column elementor-col-100 elementor-inner-column elementor-element elementor-element-3801512b\" data-id=\"3801512b\" data-element_type=\"column\">\n\t\t\t<div class=\"elementor-widget-wrap elementor-element-populated\">\n\t\t\t\t\t\t<div class=\"elementor-element elementor-element-33f364a elementor-widget elementor-widget-heading\" data-id=\"33f364a\" data-element_type=\"widget\" data-widget_type=\"heading.default\">\n\t\t\t\t<div class=\"elementor-widget-container\">\n\t\t\t\t\t<h3 class=\"elementor-heading-title elementor-size-default\">Citizenship<\/h3>\t\t\t\t<\/div>\n\t\t\t\t<\/div>\n\t\t\t\t<div class=\"elementor-element elementor-element-b63fd23 elementor-widget elementor-widget-text-editor\" data-id=\"b63fd23\" data-element_type=\"widget\" data-widget_type=\"text-editor.default\">\n\t\t\t\t<div class=\"elementor-widget-container\">\n\t\t\t\t\t\t\t\t\t<p>Aslanlar Pazarlama olarak, T\u00fcrk vatanda\u015fl\u0131\u011f\u0131 almak isteyen yabanc\u0131lara, i\u015flemler esnas\u0131nda ihtiya\u00e7 duyduklar\u0131 t\u00fcm noktalarda dan\u0131\u015fmanl\u0131k hizmeti sunuyoruz. Farkl\u0131 b\u00f6lgelerden ve \u00fclkelerden yap\u0131lan vatanda\u015fl\u0131k ba\u015fvurular\u0131 i\u00e7in, halihaz\u0131rda g\u00fcncel olarak uygulanan kanun ve y\u00f6netmelikleri takip ediyor, kal\u0131c\u0131 yerle\u015fim ve vatanda\u015fl\u0131k s\u00fcrecinin sorunsuz ilerlemesini sa\u011fl\u0131yoruz. T\u00fcrkiye\u2019de vatanda\u015fl\u0131k elde etmek isteyen yabanc\u0131lar\u0131n, uymas\u0131 gereken kurallar, tamamlamas\u0131 gereken ad\u0131mlar ve ba\u015fvurmas\u0131 gereken kurum ya da kurumlar ile ilgili en do\u011fru bilgiye kolayl\u0131kla ula\u015fabilmelerini sa\u011fl\u0131yoruz.<\/p>\n<p>Hem Orta Do\u011fu \u00fclkelerinden hem de Avrupa, Asya ve t\u00fcm di\u011fer b\u00f6lgelerden yap\u0131lacak vatanda\u015fl\u0131k ba\u015fvurular\u0131 i\u00e7in, T\u00fcrkiye\u2019nin istedi\u011fi asgari \u015fartlar\u0131n kar\u015f\u0131lanmas\u0131n\u0131 sa\u011fl\u0131yor, gerekli durumlarda gayrimenkul sat\u0131n alma ya da \u015firket kurma ile ilgili destek vererek s\u00fcrecin olabildi\u011fince h\u0131zlanmas\u0131na yard\u0131mc\u0131 oluyoruz.<\/p>\n\t\t\t\t\t\t\t\t<\/div>\n\t\t\t\t<\/div>\n\t\t\t\t<div class=\"elementor-element elementor-element-572df38d elementor-widget elementor-widget-heading\" data-id=\"572df38d\" data-element_type=\"widget\" data-widget_type=\"heading.default\">\n\t\t\t\t<div class=\"elementor-widget-container\">\n\t\t\t\t\t<h4 class=\"elementor-heading-title elementor-size-default\">T\u00fcrk Vatanda\u015fl\u0131\u011f\u0131 Alma S\u00fcreci Nas\u0131l \u0130lerler?<\/h4>\t\t\t\t<\/div>\n\t\t\t\t<\/div>\n\t\t\t\t<div class=\"elementor-element elementor-element-491649a1 elementor-widget elementor-widget-text-editor\" data-id=\"491649a1\" data-element_type=\"widget\" data-widget_type=\"text-editor.default\">\n\t\t\t\t<div class=\"elementor-widget-container\">\n\t\t\t\t\t\t\t\t\t<p>Aslanlar Pazarlama, vatanda\u015fl\u0131k i\u015flemleri i\u00e7in ihtiya\u00e7 duydu\u011funuz dan\u0131\u015fmanl\u0131k hizmetini verirken, olas\u0131 t\u00fcm alternatif yollar\u0131 ve yolu k\u0131saltabilecek pratik bilgileri de sizlerle payla\u015farak s\u00fcrecin olabilecek en k\u0131sa s\u00fcrede tamamlanabilmesine yard\u0131mc\u0131 olur. Vatanda\u015fl\u0131k dan\u0131\u015fmanl\u0131k hizmeti s\u00fcresince, olas\u0131 sorunlar\u0131n \u00e7\u00f6z\u00fcmlenmesinde, ek belge ve i\u015flem gerektiren durumlarda, \u00f6zel izin, daim\u00ee ikametgah ya da \u015firket gereksinimi gereken durumlarda sizlere yetkin kadrosu ile destek verir. Vatanda\u015fl\u0131k dan\u0131\u015fmanl\u0131k hizmeti talep etmeniz durumunda,<\/p>\n\t\t\t\t\t\t\t\t<\/div>\n\t\t\t\t<\/div>\n\t\t\t\t<div class=\"elementor-element elementor-element-68352db elementor-align-left elementor-icon-list--layout-traditional elementor-list-item-link-full_width elementor-widget elementor-widget-icon-list\" data-id=\"68352db\" data-element_type=\"widget\" data-widget_type=\"icon-list.default\">\n\t\t\t\t<div class=\"elementor-widget-container\">\n\t\t\t\t\t\t\t<ul class=\"elementor-icon-list-items\">\n\t\t\t\t\t\t\t<li class=\"elementor-icon-list-item\">\n\t\t\t\t\t\t\t\t\t\t\t<span class=\"elementor-icon-list-icon\">\n\t\t\t\t\t\t\t<i aria-hidden=\"true\" class=\"far fa-dot-circle\"><\/i>\t\t\t\t\t\t<\/span>\n\t\t\t\t\t\t\t\t\t\t<span class=\"elementor-icon-list-text\">Vatanda\u015fl\u0131k ba\u015fvurusu yapmak isteyen ki\u015fi ya da ki\u015filer ile ilgili kimlik, pasaport ve di\u011fer resmi evraklar\u0131 iletmeniz,<\/span>\n\t\t\t\t\t\t\t\t\t<\/li>\n\t\t\t\t\t\t\t\t<li class=\"elementor-icon-list-item\">\n\t\t\t\t\t\t\t\t\t\t\t<span class=\"elementor-icon-list-icon\">\n\t\t\t\t\t\t\t<i aria-hidden=\"true\" class=\"far fa-dot-circle\"><\/i>\t\t\t\t\t\t<\/span>\n\t\t\t\t\t\t\t\t\t\t<span class=\"elementor-icon-list-text\">Vatanda\u015f\u0131 oldu\u011funuz \u00fclkeye y\u00f6nelik T\u00fck vatanda\u015fl\u0131\u011f\u0131 alma prosed\u00fcrleri gere\u011fince ihtiya\u00e7 duyulan bilgileri aktarman\u0131z,<\/span>\n\t\t\t\t\t\t\t\t\t<\/li>\n\t\t\t\t\t\t\t\t<li class=\"elementor-icon-list-item\">\n\t\t\t\t\t\t\t\t\t\t\t<span class=\"elementor-icon-list-icon\">\n\t\t\t\t\t\t\t<i aria-hidden=\"true\" class=\"far fa-dot-circle\"><\/i>\t\t\t\t\t\t<\/span>\n\t\t\t\t\t\t\t\t\t\t<span class=\"elementor-icon-list-text\">Gerekli durumlarda, gayrimenkul sat\u0131n alma i\u015flemlerini ba\u015flatman\u0131z,<\/span>\n\t\t\t\t\t\t\t\t\t<\/li>\n\t\t\t\t\t\t\t\t<li class=\"elementor-icon-list-item\">\n\t\t\t\t\t\t\t\t\t\t\t<span class=\"elementor-icon-list-icon\">\n\t\t\t\t\t\t\t<i aria-hidden=\"true\" class=\"far fa-dot-circle\"><\/i>\t\t\t\t\t\t<\/span>\n\t\t\t\t\t\t\t\t\t\t<span class=\"elementor-icon-list-text\">\u00dclkeye giri\u015f yapman\u0131z gereken tarih aral\u0131\u011f\u0131nda giri\u015f i\u015flemlerini yapabilmeniz \u00f6nemlidir.<\/span>\n\t\t\t\t\t\t\t\t\t<\/li>\n\t\t\t\t\t\t<\/ul>\n\t\t\t\t\t\t<\/div>\n\t\t\t\t<\/div>\n\t\t\t\t<div class=\"elementor-element elementor-element-e7e0076 elementor-widget elementor-widget-text-editor\" data-id=\"e7e0076\" data-element_type=\"widget\" data-widget_type=\"text-editor.default\">\n\t\t\t\t<div class=\"elementor-widget-container\">\n\t\t\t\t\t\t\t\t\t<p>Aslanlar Pazarlama dan\u0131\u015fman ekibi, t\u00fcm vatanda\u015fl\u0131k i\u015flemleri s\u00fcresince, takip etmeniz gereken prosed\u00fcrleri size hat\u0131rlatarak, g\u00f6zden ka\u00e7abilecek ayr\u0131nt\u0131lar\u0131 tamamlaman\u0131z\u0131 temin edecektir. \u00dclkeye giri\u015f tarihinizden itibaren, kal\u0131c\u0131 oturum ve vatanda\u015fl\u0131\u011fa hak kazanman\u0131za kadar ge\u00e7en s\u00fcre\u00e7te, \u015firket kurma ya da gayrimenkul edinme gibi konularda da sizlere destek olacakt\u0131r. Vatanda\u015fl\u0131k hakk\u0131n\u0131 elde edece\u011finiz tarihte, haz\u0131rlaman\u0131z gereken ek bilgi ve belgeler ile ilgili gerekli y\u00f6nlendirmeleri yaparak s\u00fcreci tamamlayacakt\u0131r.<\/p>\n\t\t\t\t\t\t\t\t<\/div>\n\t\t\t\t<\/div>\n\t\t\t\t\t<\/div>\n\t\t<\/div>\n\t\t\t\t\t<\/div>\n\t\t<\/section>\n\t\t\t\t\t<\/div>\n\t\t<\/div>\n\t\t\t\t<div class=\"elementor-column elementor-col-33 elementor-top-column elementor-element elementor-element-2b9315d5\" data-id=\"2b9315d5\" data-element_type=\"column\">\n\t\t\t<div class=\"elementor-widget-wrap elementor-element-populated\">\n\t\t\t\t\t\t<section class=\"elementor-section elementor-inner-section elementor-element elementor-element-56b79fb0 elementor-section-boxed elementor-section-height-default elementor-section-height-default\" data-id=\"56b79fb0\" data-element_type=\"section\">\n\t\t\t\t\t\t<div class=\"elementor-container elementor-column-gap-no\">\n\t\t\t\t\t<div class=\"elementor-column elementor-col-100 elementor-inner-column elementor-element elementor-element-580a5089\" data-id=\"580a5089\" data-element_type=\"column\">\n\t\t\t<div class=\"elementor-widget-wrap elementor-element-populated\">\n\t\t\t\t\t\t<div class=\"elementor-element elementor-element-6b761b2 gyan-menu-list-vertical elementor-widget elementor-widget-gyan_menu_list\" data-id=\"6b761b2\" data-element_type=\"widget\" data-widget_type=\"gyan_menu_list.default\">\n\t\t\t\t<div class=\"elementor-widget-container\">\n\t\t\t\t\t<div class=\"gyan-menu-list\"><div class=\"menu-hizmetlerimiz-ingilizce-container\"><ul id=\"menu-hizmetlerimiz-ingilizce\" class=\"gyan-menu-list-item gyan-ease-transition\"><li id=\"menu-item-1905\" class=\"menu-item menu-item-type-post_type menu-item-object-page menu-item-1905\"><a href=\"https:\/\/aslanlarpazarlama.com\/en\/export\/\">Export<\/a><\/li>\n<li id=\"menu-item-1906\" class=\"menu-item menu-item-type-post_type menu-item-object-page menu-item-1906\"><a href=\"https:\/\/aslanlarpazarlama.com\/en\/imports\/\">Imports<\/a><\/li>\n<li id=\"menu-item-1907\" class=\"menu-item menu-item-type-post_type menu-item-object-page menu-item-1907\"><a href=\"https:\/\/aslanlarpazarlama.com\/en\/consultancy\/\">Consultancy<\/a><\/li>\n<li id=\"menu-item-1908\" class=\"menu-item menu-item-type-post_type menu-item-object-page menu-item-1908\"><a href=\"https:\/\/aslanlarpazarlama.com\/en\/logistics\/\">Logistics<\/a><\/li>\n<li id=\"menu-item-1909\" class=\"menu-item menu-item-type-post_type menu-item-object-page menu-item-1909\"><a href=\"https:\/\/aslanlarpazarlama.com\/en\/tourism\/\">Tourism<\/a><\/li>\n<li id=\"menu-item-1910\" class=\"menu-item menu-item-type-post_type menu-item-object-page menu-item-1910\"><a href=\"https:\/\/aslanlarpazarlama.com\/en\/real-estate\/\">Real Estate<\/a><\/li>\n<li id=\"menu-item-1911\" class=\"menu-item menu-item-type-post_type menu-item-object-page menu-item-1911\"><a href=\"https:\/\/aslanlarpazarlama.com\/en\/citizenship\/\">Citizenship<\/a><\/li>\n<li id=\"menu-item-1912\" class=\"menu-item menu-item-type-post_type menu-item-object-page menu-item-1912\"><a href=\"https:\/\/aslanlarpazarlama.com\/en\/company-establishment\/\">Company Establishment<\/a><\/li>\n<li id=\"menu-item-1913\" class=\"menu-item menu-item-type-post_type menu-item-object-page menu-item-1913\"><a href=\"https:\/\/aslanlarpazarlama.com\/en\/visa-procedures\/\">Visa Procedures<\/a><\/li>\n<\/ul><\/div><\/div>\t\t\t\t<\/div>\n\t\t\t\t<\/div>\n\t\t\t\t\t<\/div>\n\t\t<\/div>\n\t\t\t\t\t<\/div>\n\t\t<\/section>\n\t\t\t\t<section class=\"elementor-section elementor-inner-section elementor-element elementor-element-49f21a90 elementor-section-boxed elementor-section-height-default elementor-section-height-default\" data-id=\"49f21a90\" data-element_type=\"section\">\n\t\t\t\t\t\t<div class=\"elementor-container elementor-column-gap-default\">\n\t\t\t\t\t<div class=\"elementor-column elementor-col-100 elementor-inner-column elementor-element elementor-element-111c8976\" data-id=\"111c8976\" data-element_type=\"column\" data-settings=\"{&quot;background_background&quot;:&quot;classic&quot;}\">\n\t\t\t<div class=\"elementor-widget-wrap elementor-element-populated\">\n\t\t\t\t\t\t<div class=\"elementor-element elementor-element-33a44302 gyan-infobox-position-top gyan-infobox-center-no gyan-infobox-align-center gyan-hover-animation-none gyan-animation-box-fade elementor-widget elementor-widget-gyan_info_box\" data-id=\"33a44302\" data-element_type=\"widget\" data-widget_type=\"gyan_info_box.default\">\n\t\t\t\t<div class=\"elementor-widget-container\">\n\t\t\t\t\t\n\t\t<div class=\"gyan-info-box gyan-animation-box gyan-ease-transition\">\n\n\t\t\t\n\t\t\t\n\t\t\t\t<div class=\"gyan-infobox-icon-holder gyan-ease-transition\">\n\n\t\t\t\t\t\n\t\t\t\t\t\n\t\t\t\t\t\n\t\t\t\t\t\t\t\t\t\t\t<span class=\"gyan-infobox-image\">\n\t\t\t\t\t\t\t<img decoding=\"async\" width=\"53\" height=\"53\" src=\"https:\/\/aslanlarpazarlama.com\/wp-content\/uploads\/icon-call-1.png\" class=\"attachment-full size-full wp-image-1202\" alt=\"\" \/>\t\t\t\t\t\t<\/span>\n\t\t\t\t\t\n\t\t\t\t\t\n\t\t\t\t<\/div>\n\n\t\t\t\n\t\t\t<div class=\"gyan-infobox-content-holder\">\n\n\t\t\t\t\n\t\t\t\t\t<h4 class=\"gyan-infobox-title gyan-ease-transition\">\n\t\t\t\t\t\t\t\t\t\t\t\tHerhangi bir sorunuz mu var? <br\/>Bizi Hemen Aray\u0131n!\t\t\t\t\t\t\t\t\t\t\t<\/h4>\n\n\t\t\t\t\n\t\t\t\t\n\t\t\t\t\n\t\t\t\t\t<h5 class=\"gyan-infobox-content gyan-ease-transition\">\n\t\t\t\t\t\t+90 541 456 92 12\t\t\t\t\t<\/h5>\n\n\t\t\t\t\n\t\t\t\t\n\t\t\t\t<div class=\"clear\"><\/div>\n\t\t\t<\/div>\n\t\t<\/div>\n\t\t\t\t\t<\/div>\n\t\t\t\t<\/div>\n\t\t\t\t<div class=\"elementor-element elementor-element-534c0f2a elementor-widget elementor-widget-heading\" data-id=\"534c0f2a\" data-element_type=\"widget\" data-widget_type=\"heading.default\">\n\t\t\t\t<div class=\"elementor-widget-container\">\n\t\t\t\t\t<h2 class=\"elementor-heading-title elementor-size-default\"><a href=\"mailto:info@aslanlarpazarlama.com\">info@aslanlarpazarlama.com<\/a><\/h2>\t\t\t\t<\/div>\n\t\t\t\t<\/div>\n\t\t\t\t\t<\/div>\n\t\t<\/div>\n\t\t\t\t\t<\/div>\n\t\t<\/section>\n\t\t\t\t\t<\/div>\n\t\t<\/div>\n\t\t\t\t\t<\/div>\n\t\t<\/section>\n\t\t\t\t<\/div>\n\t\t","protected":false},"excerpt":{"rendered":"<p>Aslanlar Pazarlama olarak, T\u00fcrk vatanda\u015fl\u0131\u011f\u0131 almak isteyen yabanc\u0131lara, i\u015flemler esnas\u0131nda ihtiya\u00e7 duyduklar\u0131 t\u00fcm noktalarda dan\u0131\u015fmanl\u0131k hizmeti sunuyoruz. Farkl\u0131 b\u00f6lgelerden ve \u00fclkelerden yap\u0131lan vatanda\u015fl\u0131k ba\u015fvurular\u0131 i\u00e7in, halihaz\u0131rda g\u00fcncel olarak uygulanan kanun ve y\u00f6netmelikleri takip ediyor, kal\u0131c\u0131 yerle\u015fim ve vatanda\u015fl\u0131k s\u00fcrecinin sorunsuz ilerlemesini sa\u011fl\u0131yoruz. T\u00fcrkiye\u2019de vatanda\u015fl\u0131k elde etmek isteyen yabanc\u0131lar\u0131n, uymas\u0131 gereken [&hellip;]<\/p>\n","protected":false},"author":1,"featured_media":0,"parent":0,"menu_order":19,"comment_status":"closed","ping_status":"closed","template":"","meta":{"footnotes":""},"class_list":["post-1872","page","type-page","status-publish","hentry"],"_links":{"self":[{"href":"https:\/\/aslanlarpazarlama.com\/en\/wp-json\/wp\/v2\/pages\/1872","targetHints":{"allow":["GET"]}}],"collection":[{"href":"https:\/\/aslanlarpazarlama.com\/en\/wp-json\/wp\/v2\/pages"}],"about":[{"href":"https:\/\/aslanlarpazarlama.com\/en\/wp-json\/wp\/v2\/types\/page"}],"author":[{"embeddable":true,"href":"https:\/\/aslanlarpazarlama.com\/en\/wp-json\/wp\/v2\/users\/1"}],"replies":[{"embeddable":true,"href":"https:\/\/aslanlarpazarlama.com\/en\/wp-json\/wp\/v2\/comments?post=1872"}],"version-history":[{"count":1,"href":"https:\/\/aslanlarpazarlama.com\/en\/wp-json\/wp\/v2\/pages\/1872\/revisions"}],"predecessor-version":[{"id":1873,"href":"https:\/\/aslanlarpazarlama.com\/en\/wp-json\/wp\/v2\/pages\/1872\/revisions\/1873"}],"wp:attachment":[{"href":"https:\/\/aslanlarpazarlama.com\/en\/wp-json\/wp\/v2\/media?parent=1872"}],"curies":[{"name":"wp","href":"https:\/\/api.w.org\/{rel}","templated":true}]}}