{"id":1870,"date":"2022-10-27T20:38:40","date_gmt":"2022-10-27T17:38:40","guid":{"rendered":"https:\/\/aslanlarpazarlama.com\/tourism\/"},"modified":"2022-12-23T14:52:02","modified_gmt":"2022-12-23T11:52:02","slug":"tourism","status":"publish","type":"page","link":"https:\/\/aslanlarpazarlama.com\/en\/tourism\/","title":{"rendered":"Tourism"},"content":{"rendered":"\t\t<div data-elementor-type=\"wp-page\" data-elementor-id=\"1870\" class=\"elementor elementor-1870 elementor-959\" data-elementor-post-type=\"page\">\n\t\t\t\t\t\t<section class=\"elementor-section elementor-top-section elementor-element elementor-element-270ef12b elementor-section-stretched elementor-section-boxed elementor-section-height-default elementor-section-height-default\" data-id=\"270ef12b\" data-element_type=\"section\" data-settings=\"{&quot;stretch_section&quot;:&quot;section-stretched&quot;}\">\n\t\t\t\t\t\t<div class=\"elementor-container elementor-column-gap-no\">\n\t\t\t\t\t<div class=\"elementor-column elementor-col-66 elementor-top-column elementor-element elementor-element-1789d288\" data-id=\"1789d288\" data-element_type=\"column\">\n\t\t\t<div class=\"elementor-widget-wrap elementor-element-populated\">\n\t\t\t\t\t\t<section class=\"elementor-section elementor-inner-section elementor-element elementor-element-3550e86e elementor-section-boxed elementor-section-height-default elementor-section-height-default\" data-id=\"3550e86e\" data-element_type=\"section\">\n\t\t\t\t\t\t<div class=\"elementor-container elementor-column-gap-no\">\n\t\t\t\t\t<div class=\"elementor-column elementor-col-100 elementor-inner-column elementor-element elementor-element-4f568f9e\" data-id=\"4f568f9e\" data-element_type=\"column\">\n\t\t\t<div class=\"elementor-widget-wrap elementor-element-populated\">\n\t\t\t\t\t\t<div class=\"elementor-element elementor-element-76cdfe6 elementor-widget elementor-widget-heading\" data-id=\"76cdfe6\" data-element_type=\"widget\" data-widget_type=\"heading.default\">\n\t\t\t\t<div class=\"elementor-widget-container\">\n\t\t\t\t\t<h3 class=\"elementor-heading-title elementor-size-default\">Tourism<\/h3>\t\t\t\t<\/div>\n\t\t\t\t<\/div>\n\t\t\t\t<div class=\"elementor-element elementor-element-7e0ff2ec elementor-widget elementor-widget-text-editor\" data-id=\"7e0ff2ec\" data-element_type=\"widget\" data-widget_type=\"text-editor.default\">\n\t\t\t\t<div class=\"elementor-widget-container\">\n\t\t\t\t\t\t\t\t\t<p>Aslanlar Pazarlama olarak, \u00f6zellikle sa\u011fl\u0131k turizmi anlam\u0131nda \u00fclkemizin sahip oldu\u011fu do\u011fal \u015fifa kaynaklar\u0131ndan olan kapl\u0131ca ve termal tesislerini, siz de\u011ferli m\u00fc\u015fterilerimizle bulu\u015fturuyoruz. T\u00fcrkiye\u2019nin d\u00f6rt bir k\u00f6\u015fesinde \u00e7\u0131kan, farkl\u0131 i\u00e7erikleriyle bir\u00e7ok hastal\u0131\u011fa deva oldu\u011fu bilinen \u015fifal\u0131 sulara, en temiz, kaliteli ve g\u00fcvenilir tesislerde kavu\u015fabilmenizi sa\u011fl\u0131yoruz. Afyon, K\u00fctahya, Bursa ve Yalova ba\u015fta olmak \u00fczere, \u00fclkenin bir\u00e7ok b\u00f6lgesinde yer alan \u00f6zel termal tesislere, en uygun fiyatlarla ula\u015fabilmenize yard\u0131mc\u0131 oluyoruz.<\/p>\n\t\t\t\t\t\t\t\t<\/div>\n\t\t\t\t<\/div>\n\t\t\t\t<div class=\"elementor-element elementor-element-6ca0b4ad elementor-widget elementor-widget-heading\" data-id=\"6ca0b4ad\" data-element_type=\"widget\" data-widget_type=\"heading.default\">\n\t\t\t\t<div class=\"elementor-widget-container\">\n\t\t\t\t\t<h4 class=\"elementor-heading-title elementor-size-default\">Termal Kapl\u0131calarda Yerinizi Ay\u0131r\u0131n<\/h4>\t\t\t\t<\/div>\n\t\t\t\t<\/div>\n\t\t\t\t<div class=\"elementor-element elementor-element-3efa0b0c elementor-widget elementor-widget-text-editor\" data-id=\"3efa0b0c\" data-element_type=\"widget\" data-widget_type=\"text-editor.default\">\n\t\t\t\t<div class=\"elementor-widget-container\">\n\t\t\t\t\t\t\t\t\t<p>D\u00fcnyaca bilinen \u015fifal\u0131 Afyon Sand\u0131kl\u0131 kapl\u0131calar\u0131, Yalova termal kapl\u0131calar\u0131 ve Ankara K\u0131z\u0131lcahamam kapl\u0131calar\u0131 ba\u015fta olmak \u00fczere, T\u00fcrkiye genelinde hemen her b\u00f6lgede kapl\u0131ca anla\u015fmam\u0131z bulunmaktad\u0131r. Bizlerle ileti\u015fime ge\u00e7erek tatil plan\u0131 yapt\u0131\u011f\u0131n\u0131z tarih aral\u0131\u011f\u0131n\u0131 belirtti\u011finizde, sat\u0131\u015f dan\u0131\u015fmanlar\u0131m\u0131z sizler ad\u0131na tesislerdeki uygunluk kontrol\u00fcn\u00fc sa\u011flayacak ve rezervasyon yapabilece\u011finiz alternatifleri sizlere iletecektir. Rezervasyonunuzu kesinle\u015ftirmek i\u00e7in size en uygun alternatifi se\u00e7erek i\u015flem yapt\u0131rabilirsiniz.<\/p>\n\t\t\t\t\t\t\t\t<\/div>\n\t\t\t\t<\/div>\n\t\t\t\t<div class=\"elementor-element elementor-element-a9219bb elementor-widget elementor-widget-heading\" data-id=\"a9219bb\" data-element_type=\"widget\" data-widget_type=\"heading.default\">\n\t\t\t\t<div class=\"elementor-widget-container\">\n\t\t\t\t\t<h4 class=\"elementor-heading-title elementor-size-default\">Hangi Kapl\u0131calarda Hizmet Veriyoruz?<\/h4>\t\t\t\t<\/div>\n\t\t\t\t<\/div>\n\t\t\t\t\t<\/div>\n\t\t<\/div>\n\t\t\t\t\t<\/div>\n\t\t<\/section>\n\t\t\t\t<div class=\"elementor-element elementor-element-5d32acc elementor-widget elementor-widget-text-editor\" data-id=\"5d32acc\" data-element_type=\"widget\" data-widget_type=\"text-editor.default\">\n\t\t\t\t<div class=\"elementor-widget-container\">\n\t\t\t\t\t\t\t\t\t<p>Aslanlar pazarlama, aralar\u0131nda termal otellerin de yer ald\u0131\u011f\u0131 \u00e7ok say\u0131da kapl\u0131ca tesisi ile m\u00fc\u015fterilerine hizmet vermektedir. Farkl\u0131 sezonlarda farkl\u0131 yo\u011funlu\u011fa sahip tesislerle \u00e7al\u0131\u015ft\u0131\u011f\u0131ndan, y\u0131l\u0131n hemen her ay\u0131nda keyifli bir tatil ge\u00e7irebilece\u011finiz termal tesis i\u00e7in rezervasyon i\u015flemlerinizi g\u00fcvenle yapt\u0131rabilirsiniz.<\/p>\n<p>Aslanlar Pazarlama turizm dan\u0131\u015fmanl\u0131k hizmeti ile;<\/p>\n\t\t\t\t\t\t\t\t<\/div>\n\t\t\t\t<\/div>\n\t\t\t\t<div class=\"elementor-element elementor-element-94affd4 elementor-align-left elementor-icon-list--layout-traditional elementor-list-item-link-full_width elementor-widget elementor-widget-icon-list\" data-id=\"94affd4\" data-element_type=\"widget\" data-widget_type=\"icon-list.default\">\n\t\t\t\t<div class=\"elementor-widget-container\">\n\t\t\t\t\t\t\t<ul class=\"elementor-icon-list-items\">\n\t\t\t\t\t\t\t<li class=\"elementor-icon-list-item\">\n\t\t\t\t\t\t\t\t\t\t\t<span class=\"elementor-icon-list-icon\">\n\t\t\t\t\t\t\t<i aria-hidden=\"true\" class=\"far fa-dot-circle\"><\/i>\t\t\t\t\t\t<\/span>\n\t\t\t\t\t\t\t\t\t\t<span class=\"elementor-icon-list-text\">Afyonkarahisar Sand\u0131kl\u0131 Kapl\u0131calar\u0131<\/span>\n\t\t\t\t\t\t\t\t\t<\/li>\n\t\t\t\t\t\t\t\t<li class=\"elementor-icon-list-item\">\n\t\t\t\t\t\t\t\t\t\t\t<span class=\"elementor-icon-list-icon\">\n\t\t\t\t\t\t\t<i aria-hidden=\"true\" class=\"far fa-dot-circle\"><\/i>\t\t\t\t\t\t<\/span>\n\t\t\t\t\t\t\t\t\t\t<span class=\"elementor-icon-list-text\">Ankara K\u0131z\u0131lcahamam Kapl\u0131calar\u0131<\/span>\n\t\t\t\t\t\t\t\t\t<\/li>\n\t\t\t\t\t\t\t\t<li class=\"elementor-icon-list-item\">\n\t\t\t\t\t\t\t\t\t\t\t<span class=\"elementor-icon-list-icon\">\n\t\t\t\t\t\t\t<i aria-hidden=\"true\" class=\"far fa-dot-circle\"><\/i>\t\t\t\t\t\t<\/span>\n\t\t\t\t\t\t\t\t\t\t<span class=\"elementor-icon-list-text\">Bursa Oylat Kapl\u0131calar\u0131<\/span>\n\t\t\t\t\t\t\t\t\t<\/li>\n\t\t\t\t\t\t\t\t<li class=\"elementor-icon-list-item\">\n\t\t\t\t\t\t\t\t\t\t\t<span class=\"elementor-icon-list-icon\">\n\t\t\t\t\t\t\t<i aria-hidden=\"true\" class=\"far fa-dot-circle\"><\/i>\t\t\t\t\t\t<\/span>\n\t\t\t\t\t\t\t\t\t\t<span class=\"elementor-icon-list-text\">A\u011fr\u0131 Diyadin Kapl\u0131calar\u0131<\/span>\n\t\t\t\t\t\t\t\t\t<\/li>\n\t\t\t\t\t\t\t\t<li class=\"elementor-icon-list-item\">\n\t\t\t\t\t\t\t\t\t\t\t<span class=\"elementor-icon-list-icon\">\n\t\t\t\t\t\t\t<i aria-hidden=\"true\" class=\"far fa-dot-circle\"><\/i>\t\t\t\t\t\t<\/span>\n\t\t\t\t\t\t\t\t\t\t<span class=\"elementor-icon-list-text\">Nev\u015fehir Kozakl\u0131 Kapl\u0131calar\u0131<\/span>\n\t\t\t\t\t\t\t\t\t<\/li>\n\t\t\t\t\t\t\t\t<li class=\"elementor-icon-list-item\">\n\t\t\t\t\t\t\t\t\t\t\t<span class=\"elementor-icon-list-icon\">\n\t\t\t\t\t\t\t<i aria-hidden=\"true\" class=\"far fa-dot-circle\"><\/i>\t\t\t\t\t\t<\/span>\n\t\t\t\t\t\t\t\t\t\t<span class=\"elementor-icon-list-text\">Bal\u0131kesir G\u00f6nen Kapl\u0131calar\u0131<\/span>\n\t\t\t\t\t\t\t\t\t<\/li>\n\t\t\t\t\t\t\t\t<li class=\"elementor-icon-list-item\">\n\t\t\t\t\t\t\t\t\t\t\t<span class=\"elementor-icon-list-icon\">\n\t\t\t\t\t\t\t<i aria-hidden=\"true\" class=\"far fa-dot-circle\"><\/i>\t\t\t\t\t\t<\/span>\n\t\t\t\t\t\t\t\t\t\t<span class=\"elementor-icon-list-text\">Yalova Termal Kapl\u0131calar\u0131<\/span>\n\t\t\t\t\t\t\t\t\t<\/li>\n\t\t\t\t\t\t\t\t<li class=\"elementor-icon-list-item\">\n\t\t\t\t\t\t\t\t\t\t\t<span class=\"elementor-icon-list-icon\">\n\t\t\t\t\t\t\t<i aria-hidden=\"true\" class=\"far fa-dot-circle\"><\/i>\t\t\t\t\t\t<\/span>\n\t\t\t\t\t\t\t\t\t\t<span class=\"elementor-icon-list-text\">U\u015fak Hamambo\u011faz\u0131 Kapl\u0131calar\u0131<\/span>\n\t\t\t\t\t\t\t\t\t<\/li>\n\t\t\t\t\t\t\t\t<li class=\"elementor-icon-list-item\">\n\t\t\t\t\t\t\t\t\t\t\t<span class=\"elementor-icon-list-icon\">\n\t\t\t\t\t\t\t<i aria-hidden=\"true\" class=\"far fa-dot-circle\"><\/i>\t\t\t\t\t\t<\/span>\n\t\t\t\t\t\t\t\t\t\t<span class=\"elementor-icon-list-text\">Bolu Karacasu Kapl\u0131calar\u0131 i\u00e7in rezervasyon yapt\u0131rabilirsiniz.<\/span>\n\t\t\t\t\t\t\t\t\t<\/li>\n\t\t\t\t\t\t<\/ul>\n\t\t\t\t\t\t<\/div>\n\t\t\t\t<\/div>\n\t\t\t\t<div class=\"elementor-element elementor-element-65475fa elementor-widget elementor-widget-heading\" data-id=\"65475fa\" data-element_type=\"widget\" data-widget_type=\"heading.default\">\n\t\t\t\t<div class=\"elementor-widget-container\">\n\t\t\t\t\t<h3 class=\"elementor-heading-title elementor-size-default\">Tourism<\/h3>\t\t\t\t<\/div>\n\t\t\t\t<\/div>\n\t\t\t\t<div class=\"elementor-element elementor-element-5553756 elementor-widget elementor-widget-text-editor\" data-id=\"5553756\" data-element_type=\"widget\" data-widget_type=\"text-editor.default\">\n\t\t\t\t<div class=\"elementor-widget-container\">\n\t\t\t\t\t\t\t\t\t<p>Aslanlar Pazarlama olarak, \u0130stanbul, \u0130zmir, Antalya ve Ankara ba\u015fta olmak \u00fczere, T\u00fcrkiye\u2019nin hemen her \u015fehrinde, en uygun fiyatlarla ara\u00e7 kiralama hizmeti alabilmenize yard\u0131mc\u0131 oluyoruz. Ara\u00e7 kiralama ihtiya\u00e7lar\u0131n\u0131zda, deneyimli ekibimiz ile ileti\u015fime ge\u00e7erek, fiyat ara\u015ft\u0131rmas\u0131 gibi yorucu i\u015flerle u\u011fra\u015fmadan istedi\u011finiz \u00f6zelliklerdeki araca kolayl\u0131kla ula\u015fabilirsiniz. Hizmet verdi\u011fimiz t\u00fcm \u015fehirlerde, havaliman\u0131 ara\u00e7 kiralama opsiyonuyla, yurt d\u0131\u015f\u0131 ziyaret\u00e7ilerimize h\u0131zl\u0131 ve kolay kiralama f\u0131rsat\u0131 sunuyoruz. Dilerseniz adres teslimi ya da otel teslimi se\u00e7enekleriyle kiral\u0131k arac\u0131n\u0131z\u0131 diledi\u011finiz bir noktadan teslim alabilmenizi sa\u011fl\u0131yoruz.<\/p>\n\t\t\t\t\t\t\t\t<\/div>\n\t\t\t\t<\/div>\n\t\t\t\t<div class=\"elementor-element elementor-element-0e6cf89 elementor-widget elementor-widget-heading\" data-id=\"0e6cf89\" data-element_type=\"widget\" data-widget_type=\"heading.default\">\n\t\t\t\t<div class=\"elementor-widget-container\">\n\t\t\t\t\t<h4 class=\"elementor-heading-title elementor-size-default\">Neden Aslanlar Pazarlama ile Ara\u00e7 Kiralamal\u0131s\u0131n\u0131z?<\/h4>\t\t\t\t<\/div>\n\t\t\t\t<\/div>\n\t\t\t\t<div class=\"elementor-element elementor-element-aefd816 elementor-widget elementor-widget-text-editor\" data-id=\"aefd816\" data-element_type=\"widget\" data-widget_type=\"text-editor.default\">\n\t\t\t\t<div class=\"elementor-widget-container\">\n\t\t\t\t\t\t\t\t\t<p>\u0130htiyac\u0131n\u0131z olan do\u011fru kiral\u0131k ara\u00e7 modelini bulabilmek, \u00f6zellikle yo\u011fun sezon olarak bilinen yaz aylar\u0131nda ve resmi tatil ve bayramlarda neredeyse imkans\u0131z olabilmektedir. Ara\u00e7 kiralama fiyatlar\u0131 bu yo\u011fun d\u00f6nemlerde h\u0131zla y\u00fckselmekte ve kiralama ko\u015fullar\u0131 da d\u00f6nemsel olarak de\u011fi\u015febilmektedir. Aslanlar Pazarlama sizin ad\u0131n\u0131za, tercih etti\u011finiz ara\u00e7 grubunda en uygun ara\u00e7 kiralama fiyat\u0131 i\u00e7in ara\u015ft\u0131rma yaparak, size en uygun alternatifi sunar. Ara\u00e7 Kiralama hizmetimiz ile;<\/p>\n\t\t\t\t\t\t\t\t<\/div>\n\t\t\t\t<\/div>\n\t\t\t\t<div class=\"elementor-element elementor-element-0a41857 elementor-align-left elementor-icon-list--layout-traditional elementor-list-item-link-full_width elementor-widget elementor-widget-icon-list\" data-id=\"0a41857\" data-element_type=\"widget\" data-widget_type=\"icon-list.default\">\n\t\t\t\t<div class=\"elementor-widget-container\">\n\t\t\t\t\t\t\t<ul class=\"elementor-icon-list-items\">\n\t\t\t\t\t\t\t<li class=\"elementor-icon-list-item\">\n\t\t\t\t\t\t\t\t\t\t\t<span class=\"elementor-icon-list-icon\">\n\t\t\t\t\t\t\t<i aria-hidden=\"true\" class=\"far fa-dot-circle\"><\/i>\t\t\t\t\t\t<\/span>\n\t\t\t\t\t\t\t\t\t\t<span class=\"elementor-icon-list-text\">En uygun fiyatl\u0131 rent a car i\u00e7in derin ara\u015ft\u0131rmalara girmek zorunda kalmadan, k\u0131sa s\u00fcrede uygun fiyatlarla kiralama yapabilir,<\/span>\n\t\t\t\t\t\t\t\t\t<\/li>\n\t\t\t\t\t\t\t\t<li class=\"elementor-icon-list-item\">\n\t\t\t\t\t\t\t\t\t\t\t<span class=\"elementor-icon-list-icon\">\n\t\t\t\t\t\t\t<i aria-hidden=\"true\" class=\"far fa-dot-circle\"><\/i>\t\t\t\t\t\t<\/span>\n\t\t\t\t\t\t\t\t\t\t<span class=\"elementor-icon-list-text\">Ya\u015f, ehliyet y\u0131l\u0131 ya da kredi kart\u0131 kullan\u0131m ko\u015fullar\u0131 y\u00f6n\u00fcnden size en uygun opsiyonlara kolayl\u0131kla ula\u015fabilir,<\/span>\n\t\t\t\t\t\t\t\t\t<\/li>\n\t\t\t\t\t\t\t\t<li class=\"elementor-icon-list-item\">\n\t\t\t\t\t\t\t\t\t\t\t<span class=\"elementor-icon-list-icon\">\n\t\t\t\t\t\t\t<i aria-hidden=\"true\" class=\"far fa-dot-circle\"><\/i>\t\t\t\t\t\t<\/span>\n\t\t\t\t\t\t\t\t\t\t<span class=\"elementor-icon-list-text\">Otelinizden, adresinizden ya da havaliman\u0131 ara\u00e7 kiralama opsiyonu ile yolcu \u00e7\u0131k\u0131\u015f kap\u0131s\u0131ndan kolayl\u0131kla ve g\u00fcvenle arac\u0131n\u0131z\u0131 teslim al\u0131p yolculu\u011fa \u00e7\u0131kabilirsiniz. <\/span>\n\t\t\t\t\t\t\t\t\t<\/li>\n\t\t\t\t\t\t<\/ul>\n\t\t\t\t\t\t<\/div>\n\t\t\t\t<\/div>\n\t\t\t\t<div class=\"elementor-element elementor-element-3a1491f elementor-widget elementor-widget-text-editor\" data-id=\"3a1491f\" data-element_type=\"widget\" data-widget_type=\"text-editor.default\">\n\t\t\t\t<div class=\"elementor-widget-container\">\n\t\t\t\t\t\t\t\t\t<p>Aslanlar Pazarlama Ara\u00e7 Kiralama hizmeti i\u00e7in deneyimli m\u00fc\u015fteri hizmetlerimiz ile ileti\u015fime ge\u00e7ebilir, arad\u0131\u011f\u0131n\u0131z kiral\u0131k araca g\u00fcvenle ula\u015fabilirsiniz.<\/p>\n\t\t\t\t\t\t\t\t<\/div>\n\t\t\t\t<\/div>\n\t\t\t\t\t<\/div>\n\t\t<\/div>\n\t\t\t\t<div class=\"elementor-column elementor-col-33 elementor-top-column elementor-element elementor-element-126fd62d\" data-id=\"126fd62d\" data-element_type=\"column\">\n\t\t\t<div class=\"elementor-widget-wrap elementor-element-populated\">\n\t\t\t\t\t\t<section class=\"elementor-section elementor-inner-section elementor-element elementor-element-33361302 elementor-section-boxed elementor-section-height-default elementor-section-height-default\" data-id=\"33361302\" data-element_type=\"section\">\n\t\t\t\t\t\t<div class=\"elementor-container elementor-column-gap-no\">\n\t\t\t\t\t<div class=\"elementor-column elementor-col-100 elementor-inner-column elementor-element elementor-element-69b6c2a6\" data-id=\"69b6c2a6\" data-element_type=\"column\">\n\t\t\t<div class=\"elementor-widget-wrap elementor-element-populated\">\n\t\t\t\t\t\t<div class=\"elementor-element elementor-element-10bf994f gyan-menu-list-vertical elementor-widget elementor-widget-gyan_menu_list\" data-id=\"10bf994f\" data-element_type=\"widget\" data-widget_type=\"gyan_menu_list.default\">\n\t\t\t\t<div class=\"elementor-widget-container\">\n\t\t\t\t\t<div class=\"gyan-menu-list\"><div class=\"menu-hizmetlerimiz-ingilizce-container\"><ul id=\"menu-hizmetlerimiz-ingilizce\" class=\"gyan-menu-list-item gyan-ease-transition\"><li id=\"menu-item-1905\" class=\"menu-item menu-item-type-post_type menu-item-object-page menu-item-1905\"><a href=\"https:\/\/aslanlarpazarlama.com\/en\/export\/\">Export<\/a><\/li>\n<li id=\"menu-item-1906\" class=\"menu-item menu-item-type-post_type menu-item-object-page menu-item-1906\"><a href=\"https:\/\/aslanlarpazarlama.com\/en\/imports\/\">Imports<\/a><\/li>\n<li id=\"menu-item-1907\" class=\"menu-item menu-item-type-post_type menu-item-object-page menu-item-1907\"><a href=\"https:\/\/aslanlarpazarlama.com\/en\/consultancy\/\">Consultancy<\/a><\/li>\n<li id=\"menu-item-1908\" class=\"menu-item menu-item-type-post_type menu-item-object-page menu-item-1908\"><a href=\"https:\/\/aslanlarpazarlama.com\/en\/logistics\/\">Logistics<\/a><\/li>\n<li id=\"menu-item-1909\" class=\"menu-item menu-item-type-post_type menu-item-object-page menu-item-1909\"><a href=\"https:\/\/aslanlarpazarlama.com\/en\/tourism\/\">Tourism<\/a><\/li>\n<li id=\"menu-item-1910\" class=\"menu-item menu-item-type-post_type menu-item-object-page menu-item-1910\"><a href=\"https:\/\/aslanlarpazarlama.com\/en\/real-estate\/\">Real Estate<\/a><\/li>\n<li id=\"menu-item-1911\" class=\"menu-item menu-item-type-post_type menu-item-object-page menu-item-1911\"><a href=\"https:\/\/aslanlarpazarlama.com\/en\/citizenship\/\">Citizenship<\/a><\/li>\n<li id=\"menu-item-1912\" class=\"menu-item menu-item-type-post_type menu-item-object-page menu-item-1912\"><a href=\"https:\/\/aslanlarpazarlama.com\/en\/company-establishment\/\">Company Establishment<\/a><\/li>\n<li id=\"menu-item-1913\" class=\"menu-item menu-item-type-post_type menu-item-object-page menu-item-1913\"><a href=\"https:\/\/aslanlarpazarlama.com\/en\/visa-procedures\/\">Visa Procedures<\/a><\/li>\n<\/ul><\/div><\/div>\t\t\t\t<\/div>\n\t\t\t\t<\/div>\n\t\t\t\t\t<\/div>\n\t\t<\/div>\n\t\t\t\t\t<\/div>\n\t\t<\/section>\n\t\t\t\t<section class=\"elementor-section elementor-inner-section elementor-element elementor-element-6ef8bbfb elementor-section-boxed elementor-section-height-default elementor-section-height-default\" data-id=\"6ef8bbfb\" data-element_type=\"section\">\n\t\t\t\t\t\t<div class=\"elementor-container elementor-column-gap-default\">\n\t\t\t\t\t<div class=\"elementor-column elementor-col-100 elementor-inner-column elementor-element elementor-element-587b88ee\" data-id=\"587b88ee\" data-element_type=\"column\" data-settings=\"{&quot;background_background&quot;:&quot;classic&quot;}\">\n\t\t\t<div class=\"elementor-widget-wrap elementor-element-populated\">\n\t\t\t\t\t\t<div class=\"elementor-element elementor-element-600126b6 gyan-infobox-position-top gyan-infobox-center-no gyan-infobox-align-center gyan-hover-animation-none gyan-animation-box-fade elementor-widget elementor-widget-gyan_info_box\" data-id=\"600126b6\" data-element_type=\"widget\" data-widget_type=\"gyan_info_box.default\">\n\t\t\t\t<div class=\"elementor-widget-container\">\n\t\t\t\t\t\n\t\t<div class=\"gyan-info-box gyan-animation-box gyan-ease-transition\">\n\n\t\t\t\n\t\t\t\n\t\t\t\t<div class=\"gyan-infobox-icon-holder gyan-ease-transition\">\n\n\t\t\t\t\t\n\t\t\t\t\t\n\t\t\t\t\t\n\t\t\t\t\t\t\t\t\t\t\t<span class=\"gyan-infobox-image\">\n\t\t\t\t\t\t\t<img decoding=\"async\" width=\"53\" height=\"53\" src=\"https:\/\/aslanlarpazarlama.com\/wp-content\/uploads\/icon-call-1.png\" class=\"attachment-full size-full wp-image-1202\" alt=\"\" \/>\t\t\t\t\t\t<\/span>\n\t\t\t\t\t\n\t\t\t\t\t\n\t\t\t\t<\/div>\n\n\t\t\t\n\t\t\t<div class=\"gyan-infobox-content-holder\">\n\n\t\t\t\t\n\t\t\t\t\t<h4 class=\"gyan-infobox-title gyan-ease-transition\">\n\t\t\t\t\t\t\t\t\t\t\t\tHerhangi bir sorunuz mu var? <br\/>Bizi Hemen Aray\u0131n!\t\t\t\t\t\t\t\t\t\t\t<\/h4>\n\n\t\t\t\t\n\t\t\t\t\n\t\t\t\t\n\t\t\t\t\t<h5 class=\"gyan-infobox-content gyan-ease-transition\">\n\t\t\t\t\t\t+90 541 456 92 12\t\t\t\t\t<\/h5>\n\n\t\t\t\t\n\t\t\t\t\n\t\t\t\t<div class=\"clear\"><\/div>\n\t\t\t<\/div>\n\t\t<\/div>\n\t\t\t\t\t<\/div>\n\t\t\t\t<\/div>\n\t\t\t\t<div class=\"elementor-element elementor-element-78bb4836 elementor-widget elementor-widget-heading\" data-id=\"78bb4836\" data-element_type=\"widget\" data-widget_type=\"heading.default\">\n\t\t\t\t<div class=\"elementor-widget-container\">\n\t\t\t\t\t<h2 class=\"elementor-heading-title elementor-size-default\"><a href=\"mailto:info@aslanlarpazarlama.com\">info@aslanlarpazarlama.com<\/a><\/h2>\t\t\t\t<\/div>\n\t\t\t\t<\/div>\n\t\t\t\t\t<\/div>\n\t\t<\/div>\n\t\t\t\t\t<\/div>\n\t\t<\/section>\n\t\t\t\t\t<\/div>\n\t\t<\/div>\n\t\t\t\t\t<\/div>\n\t\t<\/section>\n\t\t\t\t<\/div>\n\t\t","protected":false},"excerpt":{"rendered":"<p>Aslanlar Pazarlama olarak, \u00f6zellikle sa\u011fl\u0131k turizmi anlam\u0131nda \u00fclkemizin sahip oldu\u011fu do\u011fal \u015fifa kaynaklar\u0131ndan olan kapl\u0131ca ve termal tesislerini, siz de\u011ferli m\u00fc\u015fterilerimizle bulu\u015fturuyoruz. T\u00fcrkiye\u2019nin d\u00f6rt bir k\u00f6\u015fesinde \u00e7\u0131kan, farkl\u0131 i\u00e7erikleriyle bir\u00e7ok hastal\u0131\u011fa deva oldu\u011fu bilinen \u015fifal\u0131 sulara, en temiz, kaliteli ve g\u00fcvenilir tesislerde kavu\u015fabilmenizi sa\u011fl\u0131yoruz. Afyon, K\u00fctahya, Bursa ve Yalova ba\u015fta [&hellip;]<\/p>\n","protected":false},"author":1,"featured_media":0,"parent":0,"menu_order":15,"comment_status":"closed","ping_status":"closed","template":"","meta":{"footnotes":""},"class_list":["post-1870","page","type-page","status-publish","hentry"],"_links":{"self":[{"href":"https:\/\/aslanlarpazarlama.com\/en\/wp-json\/wp\/v2\/pages\/1870","targetHints":{"allow":["GET"]}}],"collection":[{"href":"https:\/\/aslanlarpazarlama.com\/en\/wp-json\/wp\/v2\/pages"}],"about":[{"href":"https:\/\/aslanlarpazarlama.com\/en\/wp-json\/wp\/v2\/types\/page"}],"author":[{"embeddable":true,"href":"https:\/\/aslanlarpazarlama.com\/en\/wp-json\/wp\/v2\/users\/1"}],"replies":[{"embeddable":true,"href":"https:\/\/aslanlarpazarlama.com\/en\/wp-json\/wp\/v2\/comments?post=1870"}],"version-history":[{"count":1,"href":"https:\/\/aslanlarpazarlama.com\/en\/wp-json\/wp\/v2\/pages\/1870\/revisions"}],"predecessor-version":[{"id":1871,"href":"https:\/\/aslanlarpazarlama.com\/en\/wp-json\/wp\/v2\/pages\/1870\/revisions\/1871"}],"wp:attachment":[{"href":"https:\/\/aslanlarpazarlama.com\/en\/wp-json\/wp\/v2\/media?parent=1870"}],"curies":[{"name":"wp","href":"https:\/\/api.w.org\/{rel}","templated":true}]}}