{"id":1866,"date":"2022-10-27T20:38:15","date_gmt":"2022-10-27T17:38:15","guid":{"rendered":"https:\/\/aslanlarpazarlama.com\/imports\/"},"modified":"2022-12-23T14:51:03","modified_gmt":"2022-12-23T11:51:03","slug":"imports","status":"publish","type":"page","link":"https:\/\/aslanlarpazarlama.com\/en\/imports\/","title":{"rendered":"Imports"},"content":{"rendered":"\t\t<div data-elementor-type=\"wp-page\" data-elementor-id=\"1866\" class=\"elementor elementor-1866 elementor-953\" data-elementor-post-type=\"page\">\n\t\t\t\t\t\t<section class=\"elementor-section elementor-top-section elementor-element elementor-element-78baff4 elementor-section-stretched elementor-section-boxed elementor-section-height-default elementor-section-height-default\" data-id=\"78baff4\" data-element_type=\"section\" data-settings=\"{&quot;stretch_section&quot;:&quot;section-stretched&quot;}\">\n\t\t\t\t\t\t<div class=\"elementor-container elementor-column-gap-no\">\n\t\t\t\t\t<div class=\"elementor-column elementor-col-66 elementor-top-column elementor-element elementor-element-21ebe029\" data-id=\"21ebe029\" data-element_type=\"column\">\n\t\t\t<div class=\"elementor-widget-wrap elementor-element-populated\">\n\t\t\t\t\t\t<section class=\"elementor-section elementor-inner-section elementor-element elementor-element-775ea40 elementor-section-boxed elementor-section-height-default elementor-section-height-default\" data-id=\"775ea40\" data-element_type=\"section\">\n\t\t\t\t\t\t<div class=\"elementor-container elementor-column-gap-no\">\n\t\t\t\t\t<div class=\"elementor-column elementor-col-100 elementor-inner-column elementor-element elementor-element-79c3fa05\" data-id=\"79c3fa05\" data-element_type=\"column\">\n\t\t\t<div class=\"elementor-widget-wrap elementor-element-populated\">\n\t\t\t\t\t\t<div class=\"elementor-element elementor-element-0ea7aaa elementor-widget elementor-widget-heading\" data-id=\"0ea7aaa\" data-element_type=\"widget\" data-widget_type=\"heading.default\">\n\t\t\t\t<div class=\"elementor-widget-container\">\n\t\t\t\t\t<h3 class=\"elementor-heading-title elementor-size-default\">Imports<\/h3>\t\t\t\t<\/div>\n\t\t\t\t<\/div>\n\t\t\t\t<div class=\"elementor-element elementor-element-7fab3bf9 elementor-widget elementor-widget-text-editor\" data-id=\"7fab3bf9\" data-element_type=\"widget\" data-widget_type=\"text-editor.default\">\n\t\t\t\t<div class=\"elementor-widget-container\">\n\t\t\t\t\t\t\t\t\t<p>Aslanlar Pazarlama, ithalat i\u015flemlerinizde, profesyonel ekibi ve tecr\u00fcbesi ile ihtiya\u00e7 duydu\u011funuz her an yan\u0131n\u0131zda. \u0130thalat i\u015flemleri, kurallar\u0131 ve gerekleri ile ilgili firmay\u0131 bilgilendirmek, ithalat yap\u0131lacak \u00fclkenin talep ve prosed\u00fcrlerini en iyi \u015fekilde anlamak ve firma ile payla\u015fmak, s\u00fcrecin en ba\u015f\u0131ndan en sonuna kadar ihtiya\u00e7 duyulan her alanda ithalat dan\u0131\u015fmanl\u0131k hizmeti sunmak, Aslanlar Pazarlama hizmetlerinden sadece baz\u0131lar\u0131.<\/p>\n<p>\u00dcretiminizin devaml\u0131l\u0131\u011f\u0131 i\u00e7in hayati \u00f6nem ta\u015f\u0131yan hammadde, yar\u0131 mamul ve ekipman ithalat i\u015flemleri ba\u015fta olmak \u00fczere t\u00fcm \u00fcr\u00fcn ve hizmetlerin ithalat\u0131nda sizlere arac\u0131l\u0131k yap\u0131yor ve i\u015flemlerinizin p\u00fcr\u00fczs\u00fcz bir \u015fekilde ilerlemesini sa\u011fl\u0131yoruz.<\/p>\n\t\t\t\t\t\t\t\t<\/div>\n\t\t\t\t<\/div>\n\t\t\t\t<div class=\"elementor-element elementor-element-2550543d elementor-widget elementor-widget-heading\" data-id=\"2550543d\" data-element_type=\"widget\" data-widget_type=\"heading.default\">\n\t\t\t\t<div class=\"elementor-widget-container\">\n\t\t\t\t\t<h4 class=\"elementor-heading-title elementor-size-default\">\u0130thalat Dan\u0131\u015fmanl\u0131k Hizmetimize Neler Dahildir?<\/h4>\t\t\t\t<\/div>\n\t\t\t\t<\/div>\n\t\t\t\t<div class=\"elementor-element elementor-element-7d7bf1b4 elementor-widget elementor-widget-text-editor\" data-id=\"7d7bf1b4\" data-element_type=\"widget\" data-widget_type=\"text-editor.default\">\n\t\t\t\t<div class=\"elementor-widget-container\">\n\t\t\t\t\t\t\t\t\t<p>Aslanlar pazarlama ithalat dan\u0131\u015fmanl\u0131k hizmeti ile, d\u0131\u015f ticarette ihtiya\u00e7 duyaca\u011f\u0131n\u0131z t\u00fcm belge, i\u015flem ve prosed\u00fcrlerin kusursuz bir \u015fekilde tamamlanmas\u0131n\u0131 sa\u011flayabilirsiniz. Sahip oldu\u011fumuz d\u0131\u015f ticaret tecr\u00fcbesini, siz de\u011ferli m\u00fc\u015fterilerimizle payla\u015fmaktan gurur duyuyoruz.<\/p>\n\t\t\t\t\t\t\t\t<\/div>\n\t\t\t\t<\/div>\n\t\t\t\t<div class=\"elementor-element elementor-element-c942e74 elementor-align-left elementor-icon-list--layout-traditional elementor-list-item-link-full_width elementor-widget elementor-widget-icon-list\" data-id=\"c942e74\" data-element_type=\"widget\" data-widget_type=\"icon-list.default\">\n\t\t\t\t<div class=\"elementor-widget-container\">\n\t\t\t\t\t\t\t<ul class=\"elementor-icon-list-items\">\n\t\t\t\t\t\t\t<li class=\"elementor-icon-list-item\">\n\t\t\t\t\t\t\t\t\t\t\t<span class=\"elementor-icon-list-icon\">\n\t\t\t\t\t\t\t<i aria-hidden=\"true\" class=\"far fa-dot-circle\"><\/i>\t\t\t\t\t\t<\/span>\n\t\t\t\t\t\t\t\t\t\t<span class=\"elementor-icon-list-text\">Gerekli ithalat izinlerinin al\u0131nmas\u0131<\/span>\n\t\t\t\t\t\t\t\t\t<\/li>\n\t\t\t\t\t\t\t\t<li class=\"elementor-icon-list-item\">\n\t\t\t\t\t\t\t\t\t\t\t<span class=\"elementor-icon-list-icon\">\n\t\t\t\t\t\t\t<i aria-hidden=\"true\" class=\"far fa-dot-circle\"><\/i>\t\t\t\t\t\t<\/span>\n\t\t\t\t\t\t\t\t\t\t<span class=\"elementor-icon-list-text\">\u0130thalat destek kredisi imkanlar\u0131n\u0131n ara\u015ft\u0131r\u0131lmas\u0131 ve uygun olanlar\u0131n firman\u0131z ile payla\u015f\u0131lmas\u0131,<\/span>\n\t\t\t\t\t\t\t\t\t<\/li>\n\t\t\t\t\t\t\t\t<li class=\"elementor-icon-list-item\">\n\t\t\t\t\t\t\t\t\t\t\t<span class=\"elementor-icon-list-icon\">\n\t\t\t\t\t\t\t<i aria-hidden=\"true\" class=\"far fa-dot-circle\"><\/i>\t\t\t\t\t\t<\/span>\n\t\t\t\t\t\t\t\t\t\t<span class=\"elementor-icon-list-text\">\u0130thalat yapaca\u011f\u0131n\u0131z \u00fclke ile olan ticari anla\u015fmalar\u0131n incelenmesi ve ilgili kurallar\u0131n firmaya hat\u0131rlat\u0131lmas\u0131,<\/span>\n\t\t\t\t\t\t\t\t\t<\/li>\n\t\t\t\t\t\t\t\t<li class=\"elementor-icon-list-item\">\n\t\t\t\t\t\t\t\t\t\t\t<span class=\"elementor-icon-list-icon\">\n\t\t\t\t\t\t\t<i aria-hidden=\"true\" class=\"far fa-dot-circle\"><\/i>\t\t\t\t\t\t<\/span>\n\t\t\t\t\t\t\t\t\t\t<span class=\"elementor-icon-list-text\">G\u00fcmr\u00fck i\u015flemlerinin takibi ve gerekli belgelerin d\u00fczenlenmesi,<\/span>\n\t\t\t\t\t\t\t\t\t<\/li>\n\t\t\t\t\t\t\t\t<li class=\"elementor-icon-list-item\">\n\t\t\t\t\t\t\t\t\t\t\t<span class=\"elementor-icon-list-icon\">\n\t\t\t\t\t\t\t<i aria-hidden=\"true\" class=\"far fa-dot-circle\"><\/i>\t\t\t\t\t\t<\/span>\n\t\t\t\t\t\t\t\t\t\t<span class=\"elementor-icon-list-text\">\u00d6demelerin takibi ve maliyet planlamas\u0131n\u0131n sa\u011flanmas\u0131, Aslanlar Pazarlama taraf\u0131ndan takip edilen i\u015flemler aras\u0131ndad\u0131r.<\/span>\n\t\t\t\t\t\t\t\t\t<\/li>\n\t\t\t\t\t\t<\/ul>\n\t\t\t\t\t\t<\/div>\n\t\t\t\t<\/div>\n\t\t\t\t\t<\/div>\n\t\t<\/div>\n\t\t\t\t\t<\/div>\n\t\t<\/section>\n\t\t\t\t\t<\/div>\n\t\t<\/div>\n\t\t\t\t<div class=\"elementor-column elementor-col-33 elementor-top-column elementor-element elementor-element-7e6cd2ab\" data-id=\"7e6cd2ab\" data-element_type=\"column\">\n\t\t\t<div class=\"elementor-widget-wrap elementor-element-populated\">\n\t\t\t\t\t\t<section class=\"elementor-section elementor-inner-section elementor-element elementor-element-19ebc9d6 elementor-section-boxed elementor-section-height-default elementor-section-height-default\" data-id=\"19ebc9d6\" data-element_type=\"section\">\n\t\t\t\t\t\t<div class=\"elementor-container elementor-column-gap-no\">\n\t\t\t\t\t<div class=\"elementor-column elementor-col-100 elementor-inner-column elementor-element elementor-element-65ac429d\" data-id=\"65ac429d\" data-element_type=\"column\">\n\t\t\t<div class=\"elementor-widget-wrap elementor-element-populated\">\n\t\t\t\t\t\t<div class=\"elementor-element elementor-element-3d88e6ff gyan-menu-list-vertical elementor-widget elementor-widget-gyan_menu_list\" data-id=\"3d88e6ff\" data-element_type=\"widget\" data-widget_type=\"gyan_menu_list.default\">\n\t\t\t\t<div class=\"elementor-widget-container\">\n\t\t\t\t\t<div class=\"gyan-menu-list\"><div class=\"menu-hizmetlerimiz-ingilizce-container\"><ul id=\"menu-hizmetlerimiz-ingilizce\" class=\"gyan-menu-list-item gyan-ease-transition\"><li id=\"menu-item-1905\" class=\"menu-item menu-item-type-post_type menu-item-object-page menu-item-1905\"><a href=\"https:\/\/aslanlarpazarlama.com\/en\/export\/\">Export<\/a><\/li>\n<li id=\"menu-item-1906\" class=\"menu-item menu-item-type-post_type menu-item-object-page menu-item-1906\"><a href=\"https:\/\/aslanlarpazarlama.com\/en\/imports\/\">Imports<\/a><\/li>\n<li id=\"menu-item-1907\" class=\"menu-item menu-item-type-post_type menu-item-object-page menu-item-1907\"><a href=\"https:\/\/aslanlarpazarlama.com\/en\/consultancy\/\">Consultancy<\/a><\/li>\n<li id=\"menu-item-1908\" class=\"menu-item menu-item-type-post_type menu-item-object-page menu-item-1908\"><a href=\"https:\/\/aslanlarpazarlama.com\/en\/logistics\/\">Logistics<\/a><\/li>\n<li id=\"menu-item-1909\" class=\"menu-item menu-item-type-post_type menu-item-object-page menu-item-1909\"><a href=\"https:\/\/aslanlarpazarlama.com\/en\/tourism\/\">Tourism<\/a><\/li>\n<li id=\"menu-item-1910\" class=\"menu-item menu-item-type-post_type menu-item-object-page menu-item-1910\"><a href=\"https:\/\/aslanlarpazarlama.com\/en\/real-estate\/\">Real Estate<\/a><\/li>\n<li id=\"menu-item-1911\" class=\"menu-item menu-item-type-post_type menu-item-object-page menu-item-1911\"><a href=\"https:\/\/aslanlarpazarlama.com\/en\/citizenship\/\">Citizenship<\/a><\/li>\n<li id=\"menu-item-1912\" class=\"menu-item menu-item-type-post_type menu-item-object-page menu-item-1912\"><a href=\"https:\/\/aslanlarpazarlama.com\/en\/company-establishment\/\">Company Establishment<\/a><\/li>\n<li id=\"menu-item-1913\" class=\"menu-item menu-item-type-post_type menu-item-object-page menu-item-1913\"><a href=\"https:\/\/aslanlarpazarlama.com\/en\/visa-procedures\/\">Visa Procedures<\/a><\/li>\n<\/ul><\/div><\/div>\t\t\t\t<\/div>\n\t\t\t\t<\/div>\n\t\t\t\t\t<\/div>\n\t\t<\/div>\n\t\t\t\t\t<\/div>\n\t\t<\/section>\n\t\t\t\t<section class=\"elementor-section elementor-inner-section elementor-element elementor-element-533b1fb1 elementor-section-boxed elementor-section-height-default elementor-section-height-default\" data-id=\"533b1fb1\" data-element_type=\"section\">\n\t\t\t\t\t\t<div class=\"elementor-container elementor-column-gap-default\">\n\t\t\t\t\t<div class=\"elementor-column elementor-col-100 elementor-inner-column elementor-element elementor-element-44efc324\" data-id=\"44efc324\" data-element_type=\"column\" data-settings=\"{&quot;background_background&quot;:&quot;classic&quot;}\">\n\t\t\t<div class=\"elementor-widget-wrap elementor-element-populated\">\n\t\t\t\t\t\t<div class=\"elementor-element elementor-element-387a345e gyan-infobox-position-top gyan-infobox-center-no gyan-infobox-align-center gyan-hover-animation-none gyan-animation-box-fade elementor-widget elementor-widget-gyan_info_box\" data-id=\"387a345e\" data-element_type=\"widget\" data-widget_type=\"gyan_info_box.default\">\n\t\t\t\t<div class=\"elementor-widget-container\">\n\t\t\t\t\t\n\t\t<div class=\"gyan-info-box gyan-animation-box gyan-ease-transition\">\n\n\t\t\t\n\t\t\t\n\t\t\t\t<div class=\"gyan-infobox-icon-holder gyan-ease-transition\">\n\n\t\t\t\t\t\n\t\t\t\t\t\n\t\t\t\t\t\n\t\t\t\t\t\t\t\t\t\t\t<span class=\"gyan-infobox-image\">\n\t\t\t\t\t\t\t<img decoding=\"async\" width=\"53\" height=\"53\" src=\"https:\/\/aslanlarpazarlama.com\/wp-content\/uploads\/icon-call-1.png\" class=\"attachment-full size-full wp-image-1202\" alt=\"\" \/>\t\t\t\t\t\t<\/span>\n\t\t\t\t\t\n\t\t\t\t\t\n\t\t\t\t<\/div>\n\n\t\t\t\n\t\t\t<div class=\"gyan-infobox-content-holder\">\n\n\t\t\t\t\n\t\t\t\t\t<h4 class=\"gyan-infobox-title gyan-ease-transition\">\n\t\t\t\t\t\t\t\t\t\t\t\tHerhangi bir sorunuz mu var? <br\/>Bizi Hemen Aray\u0131n!\t\t\t\t\t\t\t\t\t\t\t<\/h4>\n\n\t\t\t\t\n\t\t\t\t\n\t\t\t\t\n\t\t\t\t\t<h5 class=\"gyan-infobox-content gyan-ease-transition\">\n\t\t\t\t\t\t+90 541 456 92 12\t\t\t\t\t<\/h5>\n\n\t\t\t\t\n\t\t\t\t\n\t\t\t\t<div class=\"clear\"><\/div>\n\t\t\t<\/div>\n\t\t<\/div>\n\t\t\t\t\t<\/div>\n\t\t\t\t<\/div>\n\t\t\t\t<div class=\"elementor-element elementor-element-748dd2e8 elementor-widget elementor-widget-heading\" data-id=\"748dd2e8\" data-element_type=\"widget\" data-widget_type=\"heading.default\">\n\t\t\t\t<div class=\"elementor-widget-container\">\n\t\t\t\t\t<h2 class=\"elementor-heading-title elementor-size-default\"><a href=\"mailto:info@aslanlarpazarlama.com\">info@aslanlarpazarlama.com<\/a><\/h2>\t\t\t\t<\/div>\n\t\t\t\t<\/div>\n\t\t\t\t\t<\/div>\n\t\t<\/div>\n\t\t\t\t\t<\/div>\n\t\t<\/section>\n\t\t\t\t\t<\/div>\n\t\t<\/div>\n\t\t\t\t\t<\/div>\n\t\t<\/section>\n\t\t\t\t<\/div>\n\t\t","protected":false},"excerpt":{"rendered":"<p>Aslanlar Pazarlama, ithalat i\u015flemlerinizde, profesyonel ekibi ve tecr\u00fcbesi ile ihtiya\u00e7 duydu\u011funuz her an yan\u0131n\u0131zda. \u0130thalat i\u015flemleri, kurallar\u0131 ve gerekleri ile ilgili firmay\u0131 bilgilendirmek, ithalat yap\u0131lacak \u00fclkenin talep ve prosed\u00fcrlerini en iyi \u015fekilde anlamak ve firma ile payla\u015fmak, s\u00fcrecin en ba\u015f\u0131ndan en sonuna kadar ihtiya\u00e7 duyulan her alanda ithalat dan\u0131\u015fmanl\u0131k hizmeti [&hellip;]<\/p>\n","protected":false},"author":1,"featured_media":0,"parent":0,"menu_order":10,"comment_status":"closed","ping_status":"closed","template":"","meta":{"footnotes":""},"class_list":["post-1866","page","type-page","status-publish","hentry"],"_links":{"self":[{"href":"https:\/\/aslanlarpazarlama.com\/en\/wp-json\/wp\/v2\/pages\/1866","targetHints":{"allow":["GET"]}}],"collection":[{"href":"https:\/\/aslanlarpazarlama.com\/en\/wp-json\/wp\/v2\/pages"}],"about":[{"href":"https:\/\/aslanlarpazarlama.com\/en\/wp-json\/wp\/v2\/types\/page"}],"author":[{"embeddable":true,"href":"https:\/\/aslanlarpazarlama.com\/en\/wp-json\/wp\/v2\/users\/1"}],"replies":[{"embeddable":true,"href":"https:\/\/aslanlarpazarlama.com\/en\/wp-json\/wp\/v2\/comments?post=1866"}],"version-history":[{"count":1,"href":"https:\/\/aslanlarpazarlama.com\/en\/wp-json\/wp\/v2\/pages\/1866\/revisions"}],"predecessor-version":[{"id":1867,"href":"https:\/\/aslanlarpazarlama.com\/en\/wp-json\/wp\/v2\/pages\/1866\/revisions\/1867"}],"wp:attachment":[{"href":"https:\/\/aslanlarpazarlama.com\/en\/wp-json\/wp\/v2\/media?parent=1866"}],"curies":[{"name":"wp","href":"https:\/\/api.w.org\/{rel}","templated":true}]}}