{"id":1862,"date":"2022-10-27T20:32:49","date_gmt":"2022-10-27T17:32:49","guid":{"rendered":"https:\/\/aslanlarpazarlama.com\/imports\/"},"modified":"2022-12-23T14:50:11","modified_gmt":"2022-12-23T11:50:11","slug":"export","status":"publish","type":"page","link":"https:\/\/aslanlarpazarlama.com\/en\/export\/","title":{"rendered":"Export"},"content":{"rendered":"\t\t<div data-elementor-type=\"wp-page\" data-elementor-id=\"1862\" class=\"elementor elementor-1862 elementor-932\" data-elementor-post-type=\"page\">\n\t\t\t\t\t\t<section class=\"elementor-section elementor-top-section elementor-element elementor-element-5832e78 elementor-section-stretched elementor-section-boxed elementor-section-height-default elementor-section-height-default\" data-id=\"5832e78\" data-element_type=\"section\" data-settings=\"{&quot;stretch_section&quot;:&quot;section-stretched&quot;}\">\n\t\t\t\t\t\t<div class=\"elementor-container elementor-column-gap-no\">\n\t\t\t\t\t<div class=\"elementor-column elementor-col-66 elementor-top-column elementor-element elementor-element-2e707caa\" data-id=\"2e707caa\" data-element_type=\"column\">\n\t\t\t<div class=\"elementor-widget-wrap elementor-element-populated\">\n\t\t\t\t\t\t<section class=\"elementor-section elementor-inner-section elementor-element elementor-element-23a45ffa elementor-section-boxed elementor-section-height-default elementor-section-height-default\" data-id=\"23a45ffa\" data-element_type=\"section\">\n\t\t\t\t\t\t<div class=\"elementor-container elementor-column-gap-no\">\n\t\t\t\t\t<div class=\"elementor-column elementor-col-100 elementor-inner-column elementor-element elementor-element-28fd8307\" data-id=\"28fd8307\" data-element_type=\"column\">\n\t\t\t<div class=\"elementor-widget-wrap elementor-element-populated\">\n\t\t\t\t\t\t<div class=\"elementor-element elementor-element-305cd27 elementor-widget elementor-widget-heading\" data-id=\"305cd27\" data-element_type=\"widget\" data-widget_type=\"heading.default\">\n\t\t\t\t<div class=\"elementor-widget-container\">\n\t\t\t\t\t<h3 class=\"elementor-heading-title elementor-size-default\">Export<\/h3>\t\t\t\t<\/div>\n\t\t\t\t<\/div>\n\t\t\t\t<div class=\"elementor-element elementor-element-7c8b471 elementor-widget elementor-widget-text-editor\" data-id=\"7c8b471\" data-element_type=\"widget\" data-widget_type=\"text-editor.default\">\n\t\t\t\t<div class=\"elementor-widget-container\">\n\t\t\t\t\t\t\t\t\t<p>Aslanlar Pazarlama, Avrupa, Amerika ve Orta Asya ba\u015fta olmak \u00fczere d\u00fcnyan\u0131n d\u00f6rt bir noktas\u0131na yapaca\u011f\u0131n\u0131z ihracat i\u015flemlerinizde sizlere yard\u0131mc\u0131 olmaya haz\u0131r. Tekstil sekt\u00f6r\u00fc ba\u015fta olmak \u00fczere, otomotiv, kimya, kuyum, tar\u0131m, \u00e7elik, haz\u0131r giyim gibi bir\u00e7ok sekt\u00f6rde, t\u00fcm ihracat s\u00fcrecinde, firmalara dan\u0131\u015fmanl\u0131k hizmeti sunarak, sorunsuz ve h\u0131zl\u0131 bir \u015fekilde i\u015flemlerini devam ettirebilmelerini sa\u011fl\u0131yoruz. Planlama a\u015famas\u0131ndan, g\u00fcmr\u00fck s\u00fcre\u00e7lerine kadar hemen her ad\u0131mda firman\u0131z\u0131n yan\u0131nda oluyoruz.<\/p>\n\t\t\t\t\t\t\t\t<\/div>\n\t\t\t\t<\/div>\n\t\t\t\t<div class=\"elementor-element elementor-element-6da40ae elementor-widget elementor-widget-heading\" data-id=\"6da40ae\" data-element_type=\"widget\" data-widget_type=\"heading.default\">\n\t\t\t\t<div class=\"elementor-widget-container\">\n\t\t\t\t\t<h4 class=\"elementor-heading-title elementor-size-default\">\u0130hracat Dan\u0131\u015fmanl\u0131\u011f\u0131 Nedir?<\/h4>\t\t\t\t<\/div>\n\t\t\t\t<\/div>\n\t\t\t\t<div class=\"elementor-element elementor-element-a50c543 elementor-widget elementor-widget-text-editor\" data-id=\"a50c543\" data-element_type=\"widget\" data-widget_type=\"text-editor.default\">\n\t\t\t\t<div class=\"elementor-widget-container\">\n\t\t\t\t\t\t\t\t\t<p>\u00dclke ekonomisinin kalk\u0131nmas\u0131nda son derece \u00f6nemli bir yeri olan ihracat, do\u011fru planlanmas\u0131 gereken olduk\u00e7a \u00f6nemli bir s\u00fcre\u00e7tir. Hangi \u00fcr\u00fcnlerin ihra\u00e7 edilece\u011fi, hedef pazarlar\u0131n se\u00e7imi, \u00fcr\u00fcn ve marka tan\u0131t\u0131m faaliyetleri, ihracat anla\u015fmalar\u0131, g\u00fcmr\u00fck s\u00fcreci ve \u00fcr\u00fcn sat\u0131\u015f i\u015flemlerinin tamam\u0131, ihracat s\u00fcresince sizleri bekleyen \u00f6nemli noktalard\u0131r. Aslanlar Pazarlama, ihracat niyetiyle ba\u015fvuran firmalar ad\u0131na, rakip firma analizi yaparak sa\u011fl\u0131kl\u0131 bir ihracat s\u00fcrecinin ba\u015flamas\u0131na yard\u0131mc\u0131 olur. Bir sonraki \u00f6nemli a\u015fama olan ihracatta pazar analizi de yine Aslanlar Pazarlama tecr\u00fcbeli dan\u0131\u015fmanlar\u0131 taraf\u0131ndan takip edilen s\u00fcre\u00e7lerdendir. \u00dcr\u00fcnlerinizi hangi \u00fclkelere pazarlaman\u0131z\u0131n daha sa\u011fl\u0131kl\u0131 ve avantajl\u0131 olaca\u011f\u0131 size bir rapor halinde iletilir. \u0130hracat i\u00e7in tercih edilen \u00fclke ya da \u00fclkeler i\u00e7in \u00fcr\u00fcn ve marka tan\u0131t\u0131mlar\u0131na y\u00f6nelik faaliyet planlamas\u0131 olu\u015fturulur. Hedef fuarlar i\u00e7in kat\u0131l\u0131m ya da ziyaret planlamalar\u0131 yap\u0131larak hedef pazarlarda m\u00fc\u015fteri a\u011f\u0131 olu\u015fturulmas\u0131 hedeflenir. T\u00fcm bu s\u00fcre\u00e7te Aslanlar Pazarlama, firmaya ileti\u015fim ve ula\u015f\u0131m anlam\u0131nda da destek olmaktad\u0131r.<\/p>\n\t\t\t\t\t\t\t\t<\/div>\n\t\t\t\t<\/div>\n\t\t\t\t\t<\/div>\n\t\t<\/div>\n\t\t\t\t\t<\/div>\n\t\t<\/section>\n\t\t\t\t\t<\/div>\n\t\t<\/div>\n\t\t\t\t<div class=\"elementor-column elementor-col-33 elementor-top-column elementor-element elementor-element-48f760b6\" data-id=\"48f760b6\" data-element_type=\"column\">\n\t\t\t<div class=\"elementor-widget-wrap elementor-element-populated\">\n\t\t\t\t\t\t<section class=\"elementor-section elementor-inner-section elementor-element elementor-element-62c6a371 elementor-section-boxed elementor-section-height-default elementor-section-height-default\" data-id=\"62c6a371\" data-element_type=\"section\">\n\t\t\t\t\t\t<div class=\"elementor-container elementor-column-gap-no\">\n\t\t\t\t\t<div class=\"elementor-column elementor-col-100 elementor-inner-column elementor-element elementor-element-e7c01a8\" data-id=\"e7c01a8\" data-element_type=\"column\">\n\t\t\t<div class=\"elementor-widget-wrap elementor-element-populated\">\n\t\t\t\t\t\t<div class=\"elementor-element elementor-element-79f8fb30 gyan-menu-list-vertical elementor-widget elementor-widget-gyan_menu_list\" data-id=\"79f8fb30\" data-element_type=\"widget\" data-widget_type=\"gyan_menu_list.default\">\n\t\t\t\t<div class=\"elementor-widget-container\">\n\t\t\t\t\t<div class=\"gyan-menu-list\"><div class=\"menu-hizmetlerimiz-ingilizce-container\"><ul id=\"menu-hizmetlerimiz-ingilizce\" class=\"gyan-menu-list-item gyan-ease-transition\"><li id=\"menu-item-1905\" class=\"menu-item menu-item-type-post_type menu-item-object-page menu-item-1905\"><a href=\"https:\/\/aslanlarpazarlama.com\/en\/export\/\">Export<\/a><\/li>\n<li id=\"menu-item-1906\" class=\"menu-item menu-item-type-post_type menu-item-object-page menu-item-1906\"><a href=\"https:\/\/aslanlarpazarlama.com\/en\/imports\/\">Imports<\/a><\/li>\n<li id=\"menu-item-1907\" class=\"menu-item menu-item-type-post_type menu-item-object-page menu-item-1907\"><a href=\"https:\/\/aslanlarpazarlama.com\/en\/consultancy\/\">Consultancy<\/a><\/li>\n<li id=\"menu-item-1908\" class=\"menu-item menu-item-type-post_type menu-item-object-page menu-item-1908\"><a href=\"https:\/\/aslanlarpazarlama.com\/en\/logistics\/\">Logistics<\/a><\/li>\n<li id=\"menu-item-1909\" class=\"menu-item menu-item-type-post_type menu-item-object-page menu-item-1909\"><a href=\"https:\/\/aslanlarpazarlama.com\/en\/tourism\/\">Tourism<\/a><\/li>\n<li id=\"menu-item-1910\" class=\"menu-item menu-item-type-post_type menu-item-object-page menu-item-1910\"><a href=\"https:\/\/aslanlarpazarlama.com\/en\/real-estate\/\">Real Estate<\/a><\/li>\n<li id=\"menu-item-1911\" class=\"menu-item menu-item-type-post_type menu-item-object-page menu-item-1911\"><a href=\"https:\/\/aslanlarpazarlama.com\/en\/citizenship\/\">Citizenship<\/a><\/li>\n<li id=\"menu-item-1912\" class=\"menu-item menu-item-type-post_type menu-item-object-page menu-item-1912\"><a href=\"https:\/\/aslanlarpazarlama.com\/en\/company-establishment\/\">Company Establishment<\/a><\/li>\n<li id=\"menu-item-1913\" class=\"menu-item menu-item-type-post_type menu-item-object-page menu-item-1913\"><a href=\"https:\/\/aslanlarpazarlama.com\/en\/visa-procedures\/\">Visa Procedures<\/a><\/li>\n<\/ul><\/div><\/div>\t\t\t\t<\/div>\n\t\t\t\t<\/div>\n\t\t\t\t\t<\/div>\n\t\t<\/div>\n\t\t\t\t\t<\/div>\n\t\t<\/section>\n\t\t\t\t<section class=\"elementor-section elementor-inner-section elementor-element elementor-element-382f0693 elementor-section-boxed elementor-section-height-default elementor-section-height-default\" data-id=\"382f0693\" data-element_type=\"section\">\n\t\t\t\t\t\t<div class=\"elementor-container elementor-column-gap-default\">\n\t\t\t\t\t<div class=\"elementor-column elementor-col-100 elementor-inner-column elementor-element elementor-element-14108261\" data-id=\"14108261\" data-element_type=\"column\" data-settings=\"{&quot;background_background&quot;:&quot;classic&quot;}\">\n\t\t\t<div class=\"elementor-widget-wrap elementor-element-populated\">\n\t\t\t\t\t\t<div class=\"elementor-element elementor-element-48ad4e8f gyan-infobox-position-top gyan-infobox-center-no gyan-infobox-align-center gyan-hover-animation-none gyan-animation-box-fade elementor-widget elementor-widget-gyan_info_box\" data-id=\"48ad4e8f\" data-element_type=\"widget\" data-widget_type=\"gyan_info_box.default\">\n\t\t\t\t<div class=\"elementor-widget-container\">\n\t\t\t\t\t\n\t\t<div class=\"gyan-info-box gyan-animation-box gyan-ease-transition\">\n\n\t\t\t\n\t\t\t\n\t\t\t\t<div class=\"gyan-infobox-icon-holder gyan-ease-transition\">\n\n\t\t\t\t\t\n\t\t\t\t\t\n\t\t\t\t\t\n\t\t\t\t\t\t\t\t\t\t\t<span class=\"gyan-infobox-image\">\n\t\t\t\t\t\t\t<img decoding=\"async\" width=\"53\" height=\"53\" src=\"https:\/\/aslanlarpazarlama.com\/wp-content\/uploads\/icon-call-1.png\" class=\"attachment-full size-full wp-image-1202\" alt=\"\" \/>\t\t\t\t\t\t<\/span>\n\t\t\t\t\t\n\t\t\t\t\t\n\t\t\t\t<\/div>\n\n\t\t\t\n\t\t\t<div class=\"gyan-infobox-content-holder\">\n\n\t\t\t\t\n\t\t\t\t\t<h4 class=\"gyan-infobox-title gyan-ease-transition\">\n\t\t\t\t\t\t\t\t\t\t\t\tHerhangi bir sorunuz mu var? <br\/>Bizi Hemen Aray\u0131n!\t\t\t\t\t\t\t\t\t\t\t<\/h4>\n\n\t\t\t\t\n\t\t\t\t\n\t\t\t\t\n\t\t\t\t\t<h5 class=\"gyan-infobox-content gyan-ease-transition\">\n\t\t\t\t\t\t+90 541 456 92 12\t\t\t\t\t<\/h5>\n\n\t\t\t\t\n\t\t\t\t\n\t\t\t\t<div class=\"clear\"><\/div>\n\t\t\t<\/div>\n\t\t<\/div>\n\t\t\t\t\t<\/div>\n\t\t\t\t<\/div>\n\t\t\t\t<div class=\"elementor-element elementor-element-7829a7cb elementor-widget elementor-widget-heading\" data-id=\"7829a7cb\" data-element_type=\"widget\" data-widget_type=\"heading.default\">\n\t\t\t\t<div class=\"elementor-widget-container\">\n\t\t\t\t\t<h2 class=\"elementor-heading-title elementor-size-default\"><a href=\"mailto:info@aslanlarpazarlama.com\">info@aslanlarpazarlama.com<\/a><\/h2>\t\t\t\t<\/div>\n\t\t\t\t<\/div>\n\t\t\t\t\t<\/div>\n\t\t<\/div>\n\t\t\t\t\t<\/div>\n\t\t<\/section>\n\t\t\t\t\t<\/div>\n\t\t<\/div>\n\t\t\t\t\t<\/div>\n\t\t<\/section>\n\t\t\t\t<\/div>\n\t\t","protected":false},"excerpt":{"rendered":"<p>Aslanlar Pazarlama, Avrupa, Amerika ve Orta Asya ba\u015fta olmak \u00fczere d\u00fcnyan\u0131n d\u00f6rt bir noktas\u0131na yapaca\u011f\u0131n\u0131z ihracat i\u015flemlerinizde sizlere yard\u0131mc\u0131 olmaya haz\u0131r. Tekstil sekt\u00f6r\u00fc ba\u015fta olmak \u00fczere, otomotiv, kimya, kuyum, tar\u0131m, \u00e7elik, haz\u0131r giyim gibi bir\u00e7ok sekt\u00f6rde, t\u00fcm ihracat s\u00fcrecinde, firmalara dan\u0131\u015fmanl\u0131k hizmeti sunarak, sorunsuz ve h\u0131zl\u0131 bir \u015fekilde i\u015flemlerini devam [&hellip;]<\/p>\n","protected":false},"author":1,"featured_media":0,"parent":0,"menu_order":7,"comment_status":"closed","ping_status":"closed","template":"","meta":{"footnotes":""},"class_list":["post-1862","page","type-page","status-publish","hentry"],"_links":{"self":[{"href":"https:\/\/aslanlarpazarlama.com\/en\/wp-json\/wp\/v2\/pages\/1862","targetHints":{"allow":["GET"]}}],"collection":[{"href":"https:\/\/aslanlarpazarlama.com\/en\/wp-json\/wp\/v2\/pages"}],"about":[{"href":"https:\/\/aslanlarpazarlama.com\/en\/wp-json\/wp\/v2\/types\/page"}],"author":[{"embeddable":true,"href":"https:\/\/aslanlarpazarlama.com\/en\/wp-json\/wp\/v2\/users\/1"}],"replies":[{"embeddable":true,"href":"https:\/\/aslanlarpazarlama.com\/en\/wp-json\/wp\/v2\/comments?post=1862"}],"version-history":[{"count":3,"href":"https:\/\/aslanlarpazarlama.com\/en\/wp-json\/wp\/v2\/pages\/1862\/revisions"}],"predecessor-version":[{"id":1865,"href":"https:\/\/aslanlarpazarlama.com\/en\/wp-json\/wp\/v2\/pages\/1862\/revisions\/1865"}],"wp:attachment":[{"href":"https:\/\/aslanlarpazarlama.com\/en\/wp-json\/wp\/v2\/media?parent=1862"}],"curies":[{"name":"wp","href":"https:\/\/api.w.org\/{rel}","templated":true}]}}